{"id":290,"date":"2015-04-13T17:21:06","date_gmt":"2015-04-13T17:21:06","guid":{"rendered":"http:\/\/www.lacasadelparmigiano.es\/?page_id=290"},"modified":"2025-11-28T08:56:42","modified_gmt":"2025-11-28T08:56:42","slug":"celiacos","status":"publish","type":"page","link":"https:\/\/lacasadelparmigiano.es\/it\/celiacos\/","title":{"rendered":"Celiaco"},"content":{"rendered":"<p>[vc_row][vc_column width=&#8221;2\/3&#8243;][vc_column_text]Sperando che vi piacer\u00e0 abbiamo sviluppato questa <strong>carta speciale per Cel\u00edacos<\/strong>. Nuestro personale \u00e8 addestrato e qualificato per fornire questo servizio a cui dobbiamo dare la nostra massima attenzione e rispetto.<\/p>\n<p>Siamo in contatto con <strong>l&#8217;Associazione Celiachia di Canary<\/strong> per rendere questo menu e adattare le nostre strutture per garantire la preparazione di tali piatti nel modo pi\u00f9 sicuro possibile.[\/vc_column_text][\/vc_column][vc_column width=&#8221;1\/3&#8243;]<div class=\"ult-just-icon-wrapper  \"><div class=\"align-icon\" style=\"text-align:center;\">\n<div class=\"aio-icon-img \" style=\"font-size:180px;display:inline-block;\" data-animation=\"fadeInDown\" data-animation-delay=\"03\">\n\t<img decoding=\"async\" class=\"img-icon\" alt=\"\" src=\"https:\/\/lacasadelparmigiano.es\/wp-content\/uploads\/2015\/04\/singluten1.png\"\/>\n<\/div><\/div><\/div>[\/vc_column][\/vc_row][vc_row][vc_column width=&#8221;1\/2&#8243;][vc_empty_space][vc_custom_heading text=&#8221;Antipasti&#8221; font_container=&#8221;tag:h2|font_size:48px|text_align:left&#8221; google_fonts=&#8221;font_family:Playfair%20Display%3Aregular%2Citalic%2C700%2C700italic%2C900%2C900italic|font_style:400%20regular%3A400%3Anormal&#8221; css=&#8221;.vc_custom_1436339935154{margin-bottom: 20px !important;}&#8221;]<div class=\"stm_dish\"><div class=\"stm_dish_in\"><div class=\"stm_dish-column __small\"><div class=\"stm_dish-column_in\"><\/div><\/div><div class=\"stm_dish-column __large\"><div class=\"stm_dish-header\"><span class=\"stm_dish_name\">Carpaccio di filetto<\/span><span class=\"stm_dots\"><span class=\"separator_dots\"><\/span><\/span><span class=\"stm_dish_cost\">\u20ac16,00<\/span><\/div><\/div><\/div><\/div><div class=\"stm_dish\"><div class=\"stm_dish_in\"><div class=\"stm_dish-column __small\"><div class=\"stm_dish-column_in\"><\/div><\/div><div class=\"stm_dish-column __large\"><div class=\"stm_dish-header\"><span class=\"stm_dish_name\">Focaccia con olio d'oliva e aglio<\/span><span class=\"stm_dots\"><span class=\"separator_dots\"><\/span><\/span><span class=\"stm_dish_cost\">\u20ac11,00<\/span><\/div><\/div><\/div><\/div><div class=\"stm_dish\"><div class=\"stm_dish_in\"><div class=\"stm_dish-column __small\"><div class=\"stm_dish-column_in\"><\/div><\/div><div class=\"stm_dish-column __large\"><div class=\"stm_dish-header\"><span class=\"stm_dish_name\">Insalata di Pomodoro, Mozzarella di Bufala e Basilico<\/span><span class=\"stm_dots\"><span class=\"separator_dots\"><\/span><\/span><span class=\"stm_dish_cost\">\u20ac12,50<\/span><\/div><\/div><\/div><\/div><div class=\"stm_dish\"><div class=\"stm_dish_in\"><div class=\"stm_dish-column __small\"><div class=\"stm_dish-column_in\"><\/div><\/div><div class=\"stm_dish-column __large\"><div class=\"stm_dish-header\"><span class=\"stm_dish_name\">Insalata mista<\/span><span class=\"stm_dots\"><span class=\"separator_dots\"><\/span><\/span><span class=\"stm_dish_cost\">\u20ac10,50<\/span><\/div><\/div><\/div><\/div><div class=\"stm_dish\"><div class=\"stm_dish_in\"><div class=\"stm_dish-column __small\"><div class=\"stm_dish-column_in\"><\/div><\/div><div class=\"stm_dish-column __large\"><div class=\"stm_dish-header\"><span class=\"stm_dish_name\">Insalata \u201cCasanova\u201d con Pollo, Gorgonzola e Noci<\/span><span class=\"stm_dots\"><span class=\"separator_dots\"><\/span><\/span><span class=\"stm_dish_cost\">\u20ac16,20<\/span><\/div><\/div><\/div><\/div><div class=\"stm_dish\"><div class=\"stm_dish_in\"><div class=\"stm_dish-column __small\"><div class=\"stm_dish-column_in\"><\/div><\/div><div class=\"stm_dish-column __large\"><div class=\"stm_dish-header\"><span class=\"stm_dish_name\">Insalata di Filetto con Mostarda e Miele<\/span><span class=\"stm_dots\"><span class=\"separator_dots\"><\/span><\/span><span class=\"stm_dish_cost\">\u20ac17,50<\/span><\/div><\/div><\/div><\/div>[vc_empty_space][vc_custom_heading text=&#8221;La nostra pasta&#8221; font_container=&#8221;tag:h2|font_size:48px|text_align:left&#8221; google_fonts=&#8221;font_family:Playfair%20Display%3Aregular%2Citalic%2C700%2C700italic%2C900%2C900italic|font_style:400%20regular%3A400%3Anormal&#8221; css=&#8221;.vc_custom_1436339971310{margin-bottom: 20px !important;}&#8221;][vc_column_text]<\/p>\n<ul>\n<li><strong>Spaghetti<\/strong><\/li>\n<li><strong>Penne<\/strong><\/li>\n<\/ul>\n<p>[\/vc_column_text][vc_empty_space][vc_custom_heading text=&#8221;Tipi di salsa per la nostra pasta&#8221; font_container=&#8221;tag:h2|font_size:36px|text_align:left&#8221; google_fonts=&#8221;font_family:Playfair%20Display%3Aregular%2Citalic%2C700%2C700italic%2C900%2C900italic|font_style:400%20regular%3A400%3Anormal&#8221; css=&#8221;.vc_custom_1436339993760{margin-bottom: 20px !important;}&#8221;]<div class=\"stm_dish\"><div class=\"stm_dish_in\"><div class=\"stm_dish-column __small\"><div class=\"stm_dish-column_in\"><\/div><\/div><div class=\"stm_dish-column __large\"><div class=\"stm_dish-header\"><span class=\"stm_dish_name\">Carbonara<\/span><span class=\"stm_dots\"><span class=\"separator_dots\"><\/span><\/span><span class=\"stm_dish_cost\">\u20ac19,00<\/span><\/div><\/div><\/div><\/div><div class=\"stm_dish\"><div class=\"stm_dish_in\"><div class=\"stm_dish-column __small\"><div class=\"stm_dish-column_in\"><\/div><\/div><div class=\"stm_dish-column __large\"><div class=\"stm_dish-header\"><span class=\"stm_dish_name\">Bolognese<\/span><span class=\"stm_dots\"><span class=\"separator_dots\"><\/span><\/span><span class=\"stm_dish_cost\">\u20ac17,00<\/span><\/div><\/div><\/div><\/div><div class=\"stm_dish\"><div class=\"stm_dish_in\"><div class=\"stm_dish-column __small\"><div class=\"stm_dish-column_in\"><\/div><\/div><div class=\"stm_dish-column __large\"><div class=\"stm_dish-header\"><span class=\"stm_dish_name\">Salmone<\/span><span class=\"stm_dots\"><span class=\"separator_dots\"><\/span><\/span><span class=\"stm_dish_cost\">\u20ac18,00<\/span><\/div><\/div><\/div><\/div><div class=\"stm_dish\"><div class=\"stm_dish_in\"><div class=\"stm_dish-column __small\"><div class=\"stm_dish-column_in\"><\/div><\/div><div class=\"stm_dish-column __large\"><div class=\"stm_dish-header\"><span class=\"stm_dish_name\">Frutti di mare<\/span><span class=\"stm_dots\"><span class=\"separator_dots\"><\/span><\/span><span class=\"stm_dish_cost\">\u20ac30,00<\/span><\/div><\/div><\/div><\/div><div class=\"stm_dish\"><div class=\"stm_dish_in\"><div class=\"stm_dish-column __small\"><div class=\"stm_dish-column_in\"><\/div><\/div><div class=\"stm_dish-column __large\"><div class=\"stm_dish-header\"><span class=\"stm_dish_name\">4 Formaggi<\/span><span class=\"stm_dots\"><span class=\"separator_dots\"><\/span><\/span><span class=\"stm_dish_cost\">\u20ac16,30<\/span><\/div><\/div><\/div><\/div><div class=\"stm_dish\"><div class=\"stm_dish_in\"><div class=\"stm_dish-column __small\"><div class=\"stm_dish-column_in\"><\/div><\/div><div class=\"stm_dish-column __large\"><div class=\"stm_dish-header\"><span class=\"stm_dish_name\">Al Pesto<\/span><span class=\"stm_dots\"><span class=\"separator_dots\"><\/span><\/span><span class=\"stm_dish_cost\">\u20ac15,00<\/span><\/div><\/div><\/div><\/div>[vc_custom_heading text=&#8221;Carne&#8221; font_container=&#8221;tag:h2|font_size:48px|text_align:left&#8221; google_fonts=&#8221;font_family:Playfair%20Display%3Aregular%2Citalic%2C700%2C700italic%2C900%2C900italic|font_style:400%20regular%3A400%3Anormal&#8221; css=&#8221;.vc_custom_1436339944340{margin-bottom: 10px !important;}&#8221;]<div class=\"stm_dish\"><div class=\"stm_dish_in\"><div class=\"stm_dish-column __small\"><div class=\"stm_dish-column_in\"><\/div><\/div><div class=\"stm_dish-column __large\"><div class=\"stm_dish-header\"><span class=\"stm_dish_name\">Filetto<\/span><span class=\"stm_dots\"><span class=\"separator_dots\"><\/span><\/span><span class=\"stm_dish_cost\">\u20ac23,60<\/span><\/div><\/div><\/div><\/div><div class=\"stm_dish\"><div class=\"stm_dish_in\"><div class=\"stm_dish-column __small\"><div class=\"stm_dish-column_in\"><\/div><\/div><div class=\"stm_dish-column __large\"><div class=\"stm_dish-header\"><span class=\"stm_dish_name\">Petto di pollo<\/span><span class=\"stm_dots\"><span class=\"separator_dots\"><\/span><\/span><span class=\"stm_dish_cost\">\u20ac16,00<\/span><\/div><\/div><\/div><\/div>[vc_empty_space][vc_custom_heading text=&#8221;Pesce&#8221; font_container=&#8221;tag:h2|font_size:48px|text_align:left&#8221; google_fonts=&#8221;font_family:Playfair%20Display%3Aregular%2Citalic%2C700%2C700italic%2C900%2C900italic|font_style:400%20regular%3A400%3Anormal&#8221; css=&#8221;.vc_custom_1436339952415{margin-bottom: 20px !important;}&#8221;]<div class=\"stm_dish\"><div class=\"stm_dish_in\"><div class=\"stm_dish-column __small\"><div class=\"stm_dish-column_in\"><\/div><\/div><div class=\"stm_dish-column __large\"><div class=\"stm_dish-header\"><span class=\"stm_dish_name\">Pesce del Giorno<\/span><span class=\"stm_dots\"><span class=\"separator_dots\"><\/span><\/span><span class=\"stm_dish_cost\">\u20acS\/M<\/span><\/div><\/div><\/div><\/div>[vc_empty_space][vc_custom_heading text=&#8221;Tipi di salsa di scegliere la carne o il pesce&#8221; font_container=&#8221;tag:h2|font_size:36px|text_align:left&#8221; google_fonts=&#8221;font_family:Playfair%20Display%3Aregular%2Citalic%2C700%2C700italic%2C900%2C900italic|font_style:400%20regular%3A400%3Anormal&#8221; css=&#8221;.vc_custom_1436339962783{margin-bottom: 20px !important;}&#8221;][vc_column_text]<\/p>\n<ul>\n<li><strong>Gorgonzola<\/strong><\/li>\n<li><strong>Pepe<\/strong><\/li>\n<li><strong>Funghi<\/strong><\/li>\n<li><strong>Vino&nbsp;e Limone<\/strong><\/li>\n<\/ul>\n<p>[\/vc_column_text][vc_empty_space][\/vc_column][vc_column width=&#8221;1\/2&#8243;][vc_empty_space][vc_custom_heading text=&#8221;Pizze&#8221; font_container=&#8221;tag:h2|font_size:48px|text_align:left&#8221; google_fonts=&#8221;font_family:Playfair%20Display%3Aregular%2Citalic%2C700%2C700italic%2C900%2C900italic|font_style:400%20regular%3A400%3Anormal&#8221; css=&#8221;.vc_custom_1592482489310{margin-bottom: 10px !important;}&#8221;]<div class=\"stm_dish\"><div class=\"stm_dish_in\"><div class=\"stm_dish-column __small\"><div class=\"stm_dish-column_in\"><\/div><\/div><div class=\"stm_dish-column __large\"><div class=\"stm_dish-header\"><span class=\"stm_dish_name\">MARGHERITA<\/span><span class=\"stm_dots\"><span class=\"separator_dots\"><\/span><\/span><span class=\"stm_dish_cost\">\u20ac11,00<\/span><\/div><div class=\"stm_dish-content\"><p>Pomodoro e Mozzarella<\/p>\n<\/div><\/div><\/div><\/div><div class=\"stm_dish\"><div class=\"stm_dish_in\"><div class=\"stm_dish-column __small\"><div class=\"stm_dish-column_in\"><\/div><\/div><div class=\"stm_dish-column __large\"><div class=\"stm_dish-header\"><span class=\"stm_dish_name\">PROSCIUTTO E FUNGHI<\/span><span class=\"stm_dots\"><span class=\"separator_dots\"><\/span><\/span><span class=\"stm_dish_cost\">\u20ac15,00<\/span><\/div><div class=\"stm_dish-content\"><p>Pomodoro, Mozzarella, Prosciutto Cotto e Funghi<\/p>\n<\/div><\/div><\/div><\/div><div class=\"stm_dish\"><div class=\"stm_dish_in\"><div class=\"stm_dish-column __small\"><div class=\"stm_dish-column_in\"><\/div><\/div><div class=\"stm_dish-column __large\"><div class=\"stm_dish-header\"><span class=\"stm_dish_name\">DIAVOLA<\/span><span class=\"stm_dots\"><span class=\"separator_dots\"><\/span><\/span><span class=\"stm_dish_cost\">\u20ac14,00<\/span><\/div><div class=\"stm_dish-content\"><p>Pomodoro, Mozzarella e Salamino Picante<\/p>\n<\/div><\/div><\/div><\/div><div class=\"stm_dish\"><div class=\"stm_dish_in\"><div class=\"stm_dish-column __small\"><div class=\"stm_dish-column_in\"><\/div><\/div><div class=\"stm_dish-column __large\"><div class=\"stm_dish-header\"><span class=\"stm_dish_name\">MELANZANE E GORGONZOLA<\/span><span class=\"stm_dots\"><span class=\"separator_dots\"><\/span><\/span><span class=\"stm_dish_cost\">\u20ac15,40<\/span><\/div><div class=\"stm_dish-content\"><p>Pomodoro, Mozzarella, Melanzane e Gorgonzola<\/p>\n<\/div><\/div><\/div><\/div><div class=\"stm_dish\"><div class=\"stm_dish_in\"><div class=\"stm_dish-column __small\"><div class=\"stm_dish-column_in\"><\/div><\/div><div class=\"stm_dish-column __large\"><div class=\"stm_dish-header\"><span class=\"stm_dish_name\">TROPICALE<\/span><span class=\"stm_dots\"><span class=\"separator_dots\"><\/span><\/span><span class=\"stm_dish_cost\">\u20ac16,00<\/span><\/div><div class=\"stm_dish-content\"><p>Pomodoro, Mozzarella, Prosciutto Cotto, Ananas e Banana<\/p>\n<\/div><\/div><\/div><\/div><div class=\"stm_dish\"><div class=\"stm_dish_in\"><div class=\"stm_dish-column __small\"><div class=\"stm_dish-column_in\"><\/div><\/div><div class=\"stm_dish-column __large\"><div class=\"stm_dish-header\"><span class=\"stm_dish_name\">PIZZA LANZAROTE<\/span><span class=\"stm_dots\"><span class=\"separator_dots\"><\/span><\/span><span class=\"stm_dish_cost\">\u20ac17,00<\/span><\/div><div class=\"stm_dish-content\"><p>Pomodoro Fresco, Mozzarella, Datteri, Formaggi Fresco di Capra, Beicon, Cipolla di Lanzarote e Gamberetti<\/p>\n<\/div><\/div><\/div><\/div><div class=\"stm_dish\"><div class=\"stm_dish_in\"><div class=\"stm_dish-column __small\"><div class=\"stm_dish-column_in\"><\/div><\/div><div class=\"stm_dish-column __large\"><div class=\"stm_dish-header\"><span class=\"stm_dish_name\">AMERICANA<\/span><span class=\"stm_dots\"><span class=\"separator_dots\"><\/span><\/span><span class=\"stm_dish_cost\">\u20ac14,50<\/span><\/div><div class=\"stm_dish-content\"><p>Pomodoro, Mozzarella, Prosciutto Cotto, Bacon e Uovo<\/p>\n<\/div><\/div><\/div><\/div><div class=\"stm_dish\"><div class=\"stm_dish_in\"><div class=\"stm_dish-column __small\"><div class=\"stm_dish-column_in\"><\/div><\/div><div class=\"stm_dish-column __large\"><div class=\"stm_dish-header\"><span class=\"stm_dish_name\">CAPRICCIOSA<\/span><span class=\"stm_dots\"><span class=\"separator_dots\"><\/span><\/span><span class=\"stm_dish_cost\">\u20ac16,00<\/span><\/div><div class=\"stm_dish-content\"><p>Pomodoro, Mozzarella, Prosciutto Cotto, Carciofi e Funghi<\/p>\n<\/div><\/div><\/div><\/div><div class=\"stm_dish\"><div class=\"stm_dish_in\"><div class=\"stm_dish-column __small\"><div class=\"stm_dish-column_in\"><\/div><\/div><div class=\"stm_dish-column __large\"><div class=\"stm_dish-header\"><span class=\"stm_dish_name\">PIZZA AI 4 FORMAGGI<\/span><span class=\"stm_dots\"><span class=\"separator_dots\"><\/span><\/span><span class=\"stm_dish_cost\">\u20ac16,00<\/span><\/div><div class=\"stm_dish-content\"><p>Pomodoro, Mozzarella, Gorgonzola, Ricotta e Parmigiano<\/p>\n<\/div><\/div><\/div><\/div><div class=\"stm_dish\"><div class=\"stm_dish_in\"><div class=\"stm_dish-column __small\"><div class=\"stm_dish-column_in\"><\/div><\/div><div class=\"stm_dish-column __large\"><div class=\"stm_dish-header\"><span class=\"stm_dish_name\">TONNO E CIPOLLA<\/span><span class=\"stm_dots\"><span class=\"separator_dots\"><\/span><\/span><span class=\"stm_dish_cost\">\u20ac16,00<\/span><\/div><div class=\"stm_dish-content\"><p>Pomodoro, Mozzarella, Tonno e Cipolla<\/p>\n<\/div><\/div><\/div><\/div><div class=\"stm_dish\"><div class=\"stm_dish_in\"><div class=\"stm_dish-column __small\"><div class=\"stm_dish-column_in\"><\/div><\/div><div class=\"stm_dish-column __large\"><div class=\"stm_dish-header\"><span class=\"stm_dish_name\">PIZZA FRUTTI DI MARE<\/span><span class=\"stm_dots\"><span class=\"separator_dots\"><\/span><\/span><span class=\"stm_dish_cost\">\u20ac18,50<\/span><\/div><div class=\"stm_dish-content\"><p>Pomodoro, Mozzarella e Frutti di Mare<\/p>\n<\/div><\/div><\/div><\/div><div class=\"stm_dish\"><div class=\"stm_dish_in\"><div class=\"stm_dish-column __small\"><div class=\"stm_dish-column_in\"><\/div><\/div><div class=\"stm_dish-column __large\"><div class=\"stm_dish-header\"><span class=\"stm_dish_name\">PIZZA CASA DEL PARMIGIANO<\/span><span class=\"stm_dots\"><span class=\"separator_dots\"><\/span><\/span><span class=\"stm_dish_cost\">\u20ac16,00<\/span><\/div><div class=\"stm_dish-content\"><p>Pomodoro, Mozzarella, Zucchine, Pacchino e Parmigiano Reggiano<\/p>\n<\/div><\/div><\/div><\/div>[vc_custom_heading text=&#8221;Bevande&#8221; font_container=&#8221;tag:h2|font_size:48px|text_align:left&#8221; google_fonts=&#8221;font_family:Playfair%20Display%3Aregular%2Citalic%2C700%2C700italic%2C900%2C900italic|font_style:400%20regular%3A400%3Anormal&#8221; css=&#8221;.vc_custom_1436340003768{margin-bottom: 20px !important;}&#8221;]<div class=\"stm_dish\"><div class=\"stm_dish_in\"><div class=\"stm_dish-column __small\"><div class=\"stm_dish-column_in\"><\/div><\/div><div class=\"stm_dish-column __large\"><div class=\"stm_dish-header\"><span class=\"stm_dish_name\">Pane<\/span><span class=\"stm_dots\"><span class=\"separator_dots\"><\/span><\/span><span class=\"stm_dish_cost\">\u20ac2,00<\/span><\/div><\/div><\/div><\/div><div class=\"stm_dish\"><div class=\"stm_dish_in\"><div class=\"stm_dish-column __small\"><div class=\"stm_dish-column_in\"><\/div><\/div><div class=\"stm_dish-column __large\"><div class=\"stm_dish-header\"><span class=\"stm_dish_name\">Birra<\/span><span class=\"stm_dots\"><span class=\"separator_dots\"><\/span><\/span><span class=\"stm_dish_cost\">\u20ac3,50<\/span><\/div><\/div><\/div><\/div><div class=\"stm_dish\"><div class=\"stm_dish_in\"><div class=\"stm_dish-column __small\"><div class=\"stm_dish-column_in\"><\/div><\/div><div class=\"stm_dish-column __large\"><div class=\"stm_dish-header\"><span class=\"stm_dish_name\">Sorbetto Al Limone<\/span><span class=\"stm_dots\"><span class=\"separator_dots\"><\/span><\/span><span class=\"stm_dish_cost\">\u20ac6,50<\/span><\/div><\/div><\/div><\/div><div class=\"stm_dish\"><div class=\"stm_dish_in\"><div class=\"stm_dish-column __small\"><div class=\"stm_dish-column_in\"><\/div><\/div><div class=\"stm_dish-column __large\"><div class=\"stm_dish-header\"><span class=\"stm_dish_name\">Tarta de Queso<\/span><span class=\"stm_dots\"><span class=\"separator_dots\"><\/span><\/span><span class=\"stm_dish_cost\">\u20ac7,20<\/span><\/div><\/div><\/div><\/div>[\/vc_column][\/vc_row][vc_row][vc_column][vc_button title=&#8221;Antipasti&#8221; icon=&#8221;wpb_arrow&#8221; size=&#8221;btn-large&#8221; href=&#8221;\/it\/entrantes\/&#8221;][vc_button title=&#8221;Pasta&#8221; icon=&#8221;wpb_arrow&#8221; size=&#8221;btn-large&#8221; href=&#8221;\/it\/pasta\/&#8221;][vc_button title=&#8221;Pesce&#8221; icon=&#8221;wpb_arrow&#8221; size=&#8221;btn-large&#8221; href=&#8221;\/it\/pescados\/&#8221;][vc_button title=&#8221;Carne&#8221; icon=&#8221;wpb_arrow&#8221; size=&#8221;btn-large&#8221; href=&#8221;\/it\/carnes\/&#8221;][vc_button title=&#8221;Pizze&#8221; icon=&#8221;wpb_arrow&#8221; size=&#8221;btn-large&#8221; href=&#8221;\/it\/pizzas\/&#8221;][vc_button title=&#8221;Senza glutini&#8221; color=&#8221;btn-danger&#8221; icon=&#8221;wpb_asterisk&#8221; size=&#8221;btn-large&#8221; href=&#8221;\/it\/celiacos\/&#8221;][vc_button title=&#8221;Vini&#8221; icon=&#8221;wpb_arrow&#8221; size=&#8221;btn-large&#8221; href=&#8221;\/it\/vinos\/&#8221;][vc_button title=&#8221;Dulci&#8221; icon=&#8221;wpb_arrow&#8221; size=&#8221;btn-large&#8221; href=&#8221;\/it\/postres\/&#8221;][vc_button title=&#8221;Bevande&#8221; icon=&#8221;wpb_arrow&#8221; size=&#8221;btn-large&#8221; href=&#8221;\/it\/bebidas\/&#8221;][vc_button title=&#8221;Menu&#8221; color=&#8221;btn-warning&#8221; icon=&#8221;wpb_bookmark&#8221; size=&#8221;btn-large&#8221; href=&#8221;\/it\/carta\/&#8221;][vc_row_inner][vc_column_inner][vc_separator color=&#8221;white&#8221; css=&#8221;.vc_custom_1637255222832{padding-top: 20px !important;}&#8221;][\/vc_column_inner][\/vc_row_inner][\/vc_column][\/vc_row]<\/p>","protected":false},"excerpt":{"rendered":"<p>[vc_row][vc_column width=&#8221;2\/3&#8243;][vc_column_text]Sperando che vi piacer\u00e0 abbiamo sviluppato questa carta speciale per Cel\u00edacos. Nuestro personale \u00e8 addestrato e qualificato per fornire [&hellip;]<\/p>\n","protected":false},"author":1,"featured_media":0,"parent":0,"menu_order":0,"comment_status":"closed","ping_status":"closed","template":"","meta":{"ngg_post_thumbnail":0,"footnotes":""},"class_list":["post-290","page","type-page","status-publish","hentry","comments-closed"],"_links":{"self":[{"href":"https:\/\/lacasadelparmigiano.es\/it\/wp-json\/wp\/v2\/pages\/290","targetHints":{"allow":["GET"]}}],"collection":[{"href":"https:\/\/lacasadelparmigiano.es\/it\/wp-json\/wp\/v2\/pages"}],"about":[{"href":"https:\/\/lacasadelparmigiano.es\/it\/wp-json\/wp\/v2\/types\/page"}],"author":[{"embeddable":true,"href":"https:\/\/lacasadelparmigiano.es\/it\/wp-json\/wp\/v2\/users\/1"}],"replies":[{"embeddable":true,"href":"https:\/\/lacasadelparmigiano.es\/it\/wp-json\/wp\/v2\/comments?post=290"}],"version-history":[{"count":67,"href":"https:\/\/lacasadelparmigiano.es\/it\/wp-json\/wp\/v2\/pages\/290\/revisions"}],"predecessor-version":[{"id":1703,"href":"https:\/\/lacasadelparmigiano.es\/it\/wp-json\/wp\/v2\/pages\/290\/revisions\/1703"}],"wp:attachment":[{"href":"https:\/\/lacasadelparmigiano.es\/it\/wp-json\/wp\/v2\/media?parent=290"}],"curies":[{"name":"wp","href":"https:\/\/api.w.org\/{rel}","templated":true}]}}