{"id":16,"date":"2015-03-02T13:27:12","date_gmt":"2015-03-02T13:27:12","guid":{"rendered":"http:\/\/www.lacasadelparmigiano.es\/?page_id=16"},"modified":"2026-02-23T08:03:22","modified_gmt":"2026-02-23T08:03:22","slug":"vinos","status":"publish","type":"page","link":"https:\/\/lacasadelparmigiano.es\/it\/vinos\/","title":{"rendered":"Vini"},"content":{"rendered":"<p>[vc_row][vc_column width=&#8221;1\/2&#8243;][vc_custom_heading text=&#8221;Vinos Tintos&#8221; font_container=&#8221;tag:h2|font_size:48px|text_align:left&#8221; google_fonts=&#8221;font_family:Playfair%20Display%3Aregular%2Citalic%2C700%2C700italic%2C900%2C900italic|font_style:400%20regular%3A400%3Anormal&#8221;][vc_custom_heading text=&#8221;D.O. I T A L I A&#8221; font_container=&#8221;tag:h3|text_align:center|color:%23dd8282&#8243;][vc_column_text]<\/p>\n<table>\n<tbody>\n<tr>\n<td>Merlot D.O.C. Friuli<\/td>\n<td>24,00\u20ac<\/td>\n<\/tr>\n<tr>\n<td>Bardolino D.OC. Veneto<\/td>\n<td>24,00\u20ac<\/td>\n<\/tr>\n<tr>\n<td>Valpolicella Clasico D.O.C Veneto<\/td>\n<td>29,00\u20ac<\/td>\n<\/tr>\n<tr>\n<td>Lambrusco D.O.C. Emilia Romagna<\/td>\n<td>17,00\u20ac<br \/>\n10,50\u20ac (0,375cl)<\/td>\n<\/tr>\n<tr>\n<td>Amarone Della Valpolicella D.O.C. Veneto<\/td>\n<td>46,50\u20ac<\/td>\n<\/tr>\n<tr>\n<td>Chianti D.O.C.G. Toscana<\/td>\n<td>21,00\u20ac<br \/>\n11,00\u20ac (0,375cl)<\/td>\n<\/tr>\n<tr>\n<td>Chianti Classico D.O.C.G. Toscana<\/td>\n<td>38,00\u20ac<\/td>\n<\/tr>\n<tr>\n<td>Rosso Di Montalcino D.O.C. Toscana<\/td>\n<td>49,00\u20ac<\/td>\n<\/tr>\n<tr>\n<td>Brunello Di Montalcino D.O.C.G. Toscana<\/td>\n<td>75,00\u20ac<\/td>\n<\/tr>\n<tr>\n<td>Negro Amaro I.G.P. Puglia<\/td>\n<td>26,00\u20ac<\/td>\n<\/tr>\n<tr>\n<td>Barolo D.O.C.G. Piemonte<\/td>\n<td>48,00\u20ac<\/td>\n<\/tr>\n<tr>\n<td>Cannonau D.O.C.G. Sardegna<\/td>\n<td>26,00\u20ac<\/td>\n<\/tr>\n<tr>\n<td>Nero D`avola G.G.T. Sicilia<\/td>\n<td>26,00\u20ac<\/td>\n<\/tr>\n<tr>\n<td>Montepulciano D`Abruzzo D.O.C. Abruzzo<\/td>\n<td>22,50\u20ac<\/td>\n<\/tr>\n<tr>\n<td>Syrah Le Clau DOC Sicilia<\/td>\n<td>31,00\u20ac<\/td>\n<\/tr>\n<tr>\n<td>Tignanello Antinori IGT Toscana<\/td>\n<td>175,00\u20ac<\/td>\n<\/tr>\n<tr>\n<td>Sassicaia Bolgheri DOC Toscana<\/td>\n<td>480,00\u20ac<\/td>\n<\/tr>\n<\/tbody>\n<\/table>\n<p>[\/vc_column_text][vc_custom_heading text=&#8221;D e l a C a s a \/ H o u s e Wi n e&#8221; font_container=&#8221;tag:h3|text_align:center|color:%23dd8282&#8243;][vc_column_text]<\/p>\n<table>\n<tbody>\n<tr>\n<td>Vino de la Casa \/ House Wine<\/td>\n<td>19,20\u20ac<\/td>\n<\/tr>\n<tr>\n<td>Sangr\u00eda 1 Litro<\/td>\n<td>13,50\u20ac<\/td>\n<\/tr>\n<tr>\n<td>Sangr\u00eda 1\/2 Litro<\/td>\n<td>7,70\u20ac<\/td>\n<\/tr>\n<tr>\n<td>Copa de Vino de la Casa<\/td>\n<td>4,50\u20ac<\/td>\n<\/tr>\n<tr>\n<td>Copa Ribera del Duero<\/td>\n<td>6,00\u20ac<\/td>\n<\/tr>\n<\/tbody>\n<\/table>\n<p>[\/vc_column_text][vc_custom_heading text=&#8221;D.O. E S P A \u00d1 A &#8211; R i b e ra d e l D u e r o&#8221; font_container=&#8221;tag:h3|text_align:center|color:%23dd8282&#8243;][vc_column_text]<\/p>\n<table>\n<tbody>\n<tr>\n<td>Carmelo Rodero Crianza<\/td>\n<td>39,00\u20ac<\/td>\n<\/tr>\n<tr>\n<td>Carmelo Rodero 9 meses<\/td>\n<td>26,00\u20ac<\/td>\n<\/tr>\n<tr>\n<td>Protos Roble<\/td>\n<td>24,00\u20ac<\/td>\n<\/tr>\n<tr>\n<td>Protos Crianza<\/td>\n<td>33,50\u20ac<\/td>\n<\/tr>\n<tr>\n<td>Finca Resalso<\/td>\n<td>24,00\u20ac<\/td>\n<\/tr>\n<tr>\n<td>Hito<\/td>\n<td>28,00\u20ac<\/td>\n<\/tr>\n<tr>\n<td>Emilio Moro<\/td>\n<td>37,50\u20ac<br \/>\n24,50\u20ac (0,500cl)<\/td>\n<\/tr>\n<tr>\n<td>Cepa 21<\/td>\n<td>36,00\u20ac<br \/>\n29,50\u20ac (0,500cl)<\/td>\n<\/tr>\n<tr>\n<td>Malleolus<\/td>\n<td>52,00\u20ac<\/td>\n<\/tr>\n<tr>\n<td>La Felisa<\/td>\n<td>45,00\u20ac<\/td>\n<\/tr>\n<tr>\n<td>Malabrigo<\/td>\n<td>51,00\u20ac<\/td>\n<\/tr>\n<tr>\n<td>Francisco Barona<\/td>\n<td>55,00\u20ac<\/td>\n<\/tr>\n<tr>\n<td>Malleolus de Valderramiro<\/td>\n<td>125,00\u20ac<\/td>\n<\/tr>\n<tr>\n<td>Malleolus Sancho Martin<\/td>\n<td>153,00\u20ac<\/td>\n<\/tr>\n<tr>\n<td>TR3S Manos<\/td>\n<td>54,00\u20ac<\/td>\n<\/tr>\n<tr>\n<td>Alion<\/td>\n<td>160,00\u20ac<\/td>\n<\/tr>\n<tr>\n<td>Vega Sicilia Valbuena<\/td>\n<td>235,00\u20ac<\/td>\n<\/tr>\n<tr>\n<td>Vega Sicilia Unico<\/td>\n<td>546,00\u20ac<\/td>\n<\/tr>\n<tr>\n<td>Matarromera Crianza<\/td>\n<td>38,00\u20ac<\/td>\n<\/tr>\n<tr>\n<td>Pago de Carrovejas<\/td>\n<td>56,50\u20ac<\/td>\n<\/tr>\n<tr>\n<td>Cuesta de Las Liebres<\/td>\n<td>186,00\u20ac<\/td>\n<\/tr>\n<tr>\n<td>El Anejon<\/td>\n<td>122,00\u20ac<\/td>\n<\/tr>\n<tr>\n<td>Flor de Pingus<\/td>\n<td>210,00\u20ac<\/td>\n<\/tr>\n<tr>\n<td>PSI<\/td>\n<td>86,00\u20ac<\/td>\n<\/tr>\n<tr>\n<td>Aalto<\/td>\n<td>56,50\u20ac<\/td>\n<\/tr>\n<tr>\n<td>Aalto PS<\/td>\n<td>108,00\u20ac<\/td>\n<\/tr>\n<tr>\n<td>Pago de Capellanes Crianza<\/td>\n<td>39,00\u20ac<\/td>\n<\/tr>\n<tr>\n<td>Pago de Capellanes Roble<\/td>\n<td>29,00\u20ac<\/td>\n<\/tr>\n<tr>\n<td>Tom\u00e1s Postigo 3 A\u00f1os<\/td>\n<td>48,50\u20ac<\/td>\n<\/tr>\n<tr>\n<td>Tom\u00e1s Postigo 5 A\u00f1os<\/td>\n<td>75,00\u20ac<\/td>\n<\/tr>\n<tr>\n<td>Dominio de Calogia<\/td>\n<td>105,00\u20ac<\/td>\n<\/tr>\n<\/tbody>\n<\/table>\n<h2>Magnum<\/h2>\n<table>\n<tbody>\n<tr>\n<td>Hito<\/td>\n<td>55,00\u20ac<\/td>\n<\/tr>\n<tr>\n<td>Finca Resalso<\/td>\n<td>44,00\u20ac<\/td>\n<\/tr>\n<tr>\n<td>Emilio Moro<\/td>\n<td>74,00\u20ac<\/td>\n<\/tr>\n<tr>\n<td>Pago de Carrovejas<\/td>\n<td>106,00\u20ac<\/td>\n<\/tr>\n<tr>\n<td>Carmelo Rodero<\/td>\n<td>74,50\u20ac<\/td>\n<\/tr>\n<tr>\n<td>Carmelo Rodero 9 meses<\/td>\n<td>56,50\u20ac<\/td>\n<\/tr>\n<tr>\n<td>Cepa 21<\/td>\n<td>68,00\u20ac<\/td>\n<\/tr>\n<tr>\n<td>Malleous<\/td>\n<td>98,00\u20ac<\/td>\n<\/tr>\n<tr>\n<td>Tomas Postigo 3 A\u00f1os<\/td>\n<td>98,00\u20ac<\/td>\n<\/tr>\n<tr>\n<td>Tom\u00e1s Postigo 5 A\u00f1os<\/td>\n<td>140,00\u20ac<\/td>\n<\/tr>\n<tr>\n<td>Abadia Retuerta<\/td>\n<td>89,00\u20ac<\/td>\n<\/tr>\n<tr>\n<td>PSI<\/td>\n<td>134,00\u20ac<\/td>\n<\/tr>\n<tr>\n<td>Aalto<\/td>\n<td>118,00\u20ac<\/td>\n<\/tr>\n<\/tbody>\n<\/table>\n<p>[\/vc_column_text][vc_custom_heading text=&#8221;D.O. E S P A \u00d1 A &#8211; R i o j a&#8221; font_container=&#8221;tag:h3|text_align:center|color:%23dd8282&#8243;][vc_column_text]<\/p>\n<table>\n<tbody>\n<tr>\n<td>Marqu\u00e9s de C\u00e1ceres Crianza<\/td>\n<td>23,00\u20ac<br \/>\n11,90\u20ac (0,375cl)<\/td>\n<\/tr>\n<tr>\n<td>Sierra Cantabria Crianza<\/td>\n<td>26,00\u20ac<\/td>\n<\/tr>\n<tr>\n<td>Monte Real Reserva Especial<\/td>\n<td>29,00\u20ac<\/td>\n<\/tr>\n<tr>\n<td>Marqu\u00e9s de Riscal Reserva<\/td>\n<td>36,00\u20ac<br \/>\n19,00\u20ac (0,375cl)<\/td>\n<\/tr>\n<tr>\n<td>Azpilicueta Crianza<\/td>\n<td>21,50\u20ac<\/td>\n<\/tr>\n<tr>\n<td>La Nieta<\/td>\n<td>160,00\u20ac<\/td>\n<\/tr>\n<tr>\n<td>El Bosque<\/td>\n<td>145,00\u20ac<\/td>\n<\/tr>\n<tr>\n<td>Luis Ca\u00f1a<\/td>\n<td>28,00\u20ac<\/td>\n<\/tr>\n<tr>\n<td>Amancio<\/td>\n<td>145,00\u20ac<\/td>\n<\/tr>\n<\/tbody>\n<\/table>\n<p>[\/vc_column_text][vc_custom_heading text=&#8221;D.O. T o r o&#8221; font_container=&#8221;tag:h3|text_align:center|color:%23dd8282&#8243;][vc_column_text]<\/p>\n<table>\n<tbody>\n<tr>\n<td>Piedra Reserva<\/td>\n<td>34,00\u20ac<\/td>\n<\/tr>\n<\/tbody>\n<\/table>\n<p>[\/vc_column_text][vc_custom_heading text=&#8221;D.O. P e n e d \u00e9 s&#8221; font_container=&#8221;tag:h3|text_align:center|color:%23dd8282&#8243;][vc_column_text]<\/p>\n<table>\n<tbody>\n<tr>\n<td>Jean Leon Merlot Petit Verdot (Vino Ecol\u00f3gico)<\/td>\n<td>28,00\u20ac<\/td>\n<\/tr>\n<\/tbody>\n<\/table>\n<p>[\/vc_column_text][vc_custom_heading text=&#8221;D.O. C a s t i l l a y L e \u00f3 n&#8221; font_container=&#8221;tag:h3|text_align:center|color:%23dd8282&#8243;][vc_column_text]<\/p>\n<table>\n<tbody>\n<tr>\n<td>Abadia Retuerta Selecci\u00f3n Especial<\/td>\n<td>47,00\u20ac<\/td>\n<\/tr>\n<tr>\n<td>Mauro Crianza<\/td>\n<td>49,50\u20ac<\/td>\n<\/tr>\n<tr>\n<td>Pago Negralada Abad\u00eda Retuerta<\/td>\n<td>102,00\u20ac<\/td>\n<\/tr>\n<\/tbody>\n<\/table>\n<p>[\/vc_column_text][vc_custom_heading text=&#8221;D.O L a n z a r o t e&#8221; font_container=&#8221;tag:h3|text_align:center|color:%23dd8282&#8243;][vc_column_text]<\/p>\n<table>\n<tbody>\n<tr>\n<td>Bermejo<\/td>\n<td>31,00\u20ac<\/td>\n<\/tr>\n<tr>\n<td>El Grifo Ariana<\/td>\n<td>33,00\u20ac<\/td>\n<\/tr>\n<tr>\n<td>Yaiza Gara<\/td>\n<td>29,50\u20ac<\/td>\n<\/tr>\n<tr>\n<td>Stratvs Syrah<\/td>\n<td>34,00\u20ac<\/td>\n<\/tr>\n<tr>\n<td>Roca Negra Tinto Quintana<\/td>\n<td>36,00\u20ac<\/td>\n<\/tr>\n<\/tbody>\n<\/table>\n<p>[\/vc_column_text][\/vc_column][vc_column width=&#8221;1\/2&#8243;][vc_custom_heading text=&#8221;Vinos Blancos&#8221; font_container=&#8221;tag:h2|font_size:48px|text_align:left&#8221; google_fonts=&#8221;font_family:Playfair%20Display%3Aregular%2Citalic%2C700%2C700italic%2C900%2C900italic|font_style:400%20regular%3A400%3Anormal&#8221;][vc_custom_heading text=&#8221;D. O . E S P A \u00d1 A &#8211; D.O. L a n z a r o t e&#8221; font_container=&#8221;tag:h3|text_align:center|color:%23dd8282&#8243;][vc_column_text]<\/p>\n<table>\n<tbody>\n<tr>\n<td>El Grifo Seco Colecci\u00f3n<\/td>\n<td>31,00\u20ac<br \/>\n21,80\u20ac (0.500cl)<\/td>\n<\/tr>\n<tr>\n<td>El Grifo Semidulce Colecci\u00f3n<\/td>\n<td>31,00\u20ac<\/td>\n<\/tr>\n<tr>\n<td>Amalia Rubic\u00f3n<\/td>\n<td>32,80\u20ac<\/td>\n<\/tr>\n<tr>\n<td>Bermejo Malvas\u00eda Seco<\/td>\n<td>31,00\u20ac<\/td>\n<\/tr>\n<tr>\n<td>Bermejo Semidulce<\/td>\n<td>29,00\u20ac<\/td>\n<\/tr>\n<tr>\n<td>Stratvs Malvas\u00eda<\/td>\n<td>31,00\u20ac<\/td>\n<\/tr>\n<tr>\n<td>Stratvs Finca Las Palmeras<\/td>\n<td>34,00\u20ac<\/td>\n<\/tr>\n<tr>\n<td>Vulcano Malvas\u00eda Seco<\/td>\n<td>28,00\u20ac<\/td>\n<\/tr>\n<tr>\n<td>Vulcano Semidulce<\/td>\n<td>28,00\u20ac<\/td>\n<\/tr>\n<tr>\n<td>Yaiza Malvas\u00eda Seco<\/td>\n<td>28,00\u20ac<\/td>\n<\/tr>\n<tr>\n<td>Yaiza Semidulce<\/td>\n<td>28,00\u20ac<\/td>\n<\/tr>\n<tr>\n<td>Casa Althay<\/td>\n<td>36,00\u20ac<\/td>\n<\/tr>\n<tr>\n<td>Althay Malvas\u00eda-Listan Blanco y Diego<\/td>\n<td>29,50\u20ac<\/td>\n<\/tr>\n<tr>\n<td>Martin\u00f3n Seco<\/td>\n<td>26,00\u20ac<\/td>\n<\/tr>\n<tr>\n<td>La Verea Tabaiba Blanco<\/td>\n<td>38,00\u20ac<\/td>\n<\/tr>\n<tr>\n<td>Roca Negra Malvasia Seco<\/td>\n<td>32,00\u20ac<\/td>\n<\/tr>\n<\/tbody>\n<\/table>\n<p>[\/vc_column_text][vc_custom_heading text=&#8221;D. O . E S P A \u00d1 A &#8211; R i a s B a i x a s &#8211; A l b a r i \u00f1 o&#8221; font_container=&#8221;tag:h3|text_align:center|color:%23dd8282&#8243;][vc_column_text]<\/p>\n<table>\n<tbody>\n<tr>\n<td>Terras Gauda<\/td>\n<td>29,50\u20ac<\/td>\n<\/tr>\n<tr>\n<td>Mar de Frades<\/td>\n<td>32,00\u20ac<\/td>\n<\/tr>\n<tr>\n<td>Mart\u00edn C\u00f3dax<\/td>\n<td>31,50\u20ac<\/td>\n<\/tr>\n<\/tbody>\n<\/table>\n<p>[\/vc_column_text][vc_custom_heading text=&#8221;D. O . E S P A \u00d1 A &#8211; D.O. P e n e d \u00e9 s&#8221; font_container=&#8221;tag:h3|text_align:center|color:%23dd8282&#8243;][vc_column_text]<\/p>\n<table>\n<tbody>\n<tr>\n<td>Jean Leon Chardonnay (Vino Ecol\u00f3gico)<\/td>\n<td>28,00\u20ac<\/td>\n<\/tr>\n<\/tbody>\n<\/table>\n<p>[\/vc_column_text][vc_custom_heading text=&#8221;D. O . E S P A \u00d1 A &#8211; D.O. G ra n C a n a r i a y T e n e r i f e&#8221; font_container=&#8221;tag:h3|text_align:center|color:%23dd8282&#8243;][vc_column_text]<\/p>\n<table>\n<tbody>\n<tr>\n<td>Tamer\u00e1n Malvas\u00eda Volc\u00e1nica San Bartolom\u00e9 de Tirajana<br \/>\nD.O. Gran Canaria<\/td>\n<td>38,50\u20ac<\/td>\n<\/tr>\n<tr>\n<td>Finca Vega List\u00e1n Blanco (D.O. Tenerife)<\/td>\n<td>32,00\u20ac<\/td>\n<\/tr>\n<\/tbody>\n<\/table>\n<p>[\/vc_column_text][vc_custom_heading text=&#8221;D.O. I T A L I A&#8221; font_container=&#8221;tag:h3|text_align:center|color:%23dd8282&#8243;][vc_column_text]<\/p>\n<table>\n<tbody>\n<tr>\n<td>Chardonnay Di Cormons D.O.C. Friuli<\/td>\n<td>28,00\u20ac<\/td>\n<\/tr>\n<tr>\n<td>Pinot Grigio Di Cormons D.O.C. Friuli<\/td>\n<td>29,00\u20ac<\/td>\n<\/tr>\n<tr>\n<td>Sauvignon Di Cormons D.O.C. Friuli<\/td>\n<td>28,00\u20ac<\/td>\n<\/tr>\n<tr>\n<td>Gavi Di Gavi D.O.C. Piemonte<\/td>\n<td>32,00\u20ac<\/td>\n<\/tr>\n<tr>\n<td>Moscato D\u2019`Asti D.O.C.G. Piemonte<\/td>\n<td>24,00\u20ac<\/td>\n<\/tr>\n<tr>\n<td>Frascati D.O.C. Lazio<\/td>\n<td>21,00\u20ac<\/td>\n<\/tr>\n<tr>\n<td>Lugana D.O.C. Veneto<\/td>\n<td>34,00\u20ac<\/td>\n<\/tr>\n<tr>\n<td>Verdicchio Dei Castelli Di Jesi D.O.C. Marche<\/td>\n<td>26,00\u20ac<\/td>\n<\/tr>\n<tr>\n<td>Greco Di Tufo D.O.C.G. Campania<\/td>\n<td>30,00\u20ac<\/td>\n<\/tr>\n<\/tbody>\n<\/table>\n<p>[\/vc_column_text][vc_custom_heading text=&#8221;D e l a C a s a&#8221; font_container=&#8221;tag:h3|text_align:center|color:%23dd8282&#8243;][vc_column_text]<\/p>\n<table>\n<tbody>\n<tr>\n<td>Vino de la Casa \/ House Wine<\/td>\n<td>19,20\u20ac<\/td>\n<\/tr>\n<tr>\n<td>Copa de la Casa \/ House Wine Glass<\/td>\n<td>4,50\u20ac<\/td>\n<\/tr>\n<tr>\n<td>Copa de Vino Lanzarote (semi, seco)<\/td>\n<td>6,00\u20ac<\/td>\n<\/tr>\n<tr>\n<td colspan=\"2\"><i>Glass of Wine from Lanzarote (medium sweet, dry)<\/i><\/td>\n<\/tr>\n<\/tbody>\n<\/table>\n<p>[\/vc_column_text][vc_custom_heading text=&#8221;Vinos Rosados&#8221; font_container=&#8221;tag:h2|font_size:48px|text_align:left&#8221; google_fonts=&#8221;font_family:Playfair%20Display%3Aregular%2Citalic%2C700%2C700italic%2C900%2C900italic|font_style:400%20regular%3A400%3Anormal&#8221;][vc_custom_heading text=&#8221;D.O. I T A L I A&#8221; font_container=&#8221;tag:h3|text_align:center|color:%23dd8282&#8243;][vc_column_text]<\/p>\n<table>\n<tbody>\n<tr>\n<td>Lambrusco Rosado Gasparossa I.G.T. Emilia Romagna.<\/td>\n<td>17,00\u20ac<\/td>\n<\/tr>\n<tr>\n<td>Bardolino Chiaretto D.O.C. Veneto.<\/td>\n<td>22,00\u20ac<\/td>\n<\/tr>\n<tr>\n<td>11 Minutes D.O.C Veneto <i>Recomendado<\/i><\/td>\n<td>29,00\u20ac<\/td>\n<\/tr>\n<\/tbody>\n<\/table>\n<p>[\/vc_column_text][vc_custom_heading text=&#8221;D. O . E S P A \u00d1 A&#8221; font_container=&#8221;tag:h3|text_align:center|color:%23dd8282&#8243;][vc_column_text]<\/p>\n<table>\n<tbody>\n<tr>\n<td>Hito Rosado<\/td>\n<td>27,50\u20ac<\/td>\n<\/tr>\n<\/tbody>\n<\/table>\n<p>[\/vc_column_text][vc_custom_heading text=&#8221;D. O . P e n e d \u00e9 s&#8221; font_container=&#8221;tag:h3|text_align:center|color:%23dd8282&#8243;][vc_column_text]<\/p>\n<table>\n<tbody>\n<tr>\n<td>Jean Leon Ros\u00e9 (vino ecol\u00f3gico)<\/td>\n<td>28,00\u20ac<\/td>\n<\/tr>\n<\/tbody>\n<\/table>\n<p>[\/vc_column_text][vc_custom_heading text=&#8221;D. O . L a n z a r o t e&#8221; font_container=&#8221;tag:h3|text_align:center|color:%23dd8282&#8243;][vc_column_text]<\/p>\n<table>\n<tbody>\n<tr>\n<td>Yaiza D.O. Lanzarote<\/td>\n<td>27,00\u20ac<\/td>\n<\/tr>\n<tr>\n<td>Bermejo D.O. Lanzarote<\/td>\n<td>28,00\u20ac<\/td>\n<\/tr>\n<tr>\n<td>Vulcano D.O. Lanzarote<\/td>\n<td>28,00\u20ac<\/td>\n<\/tr>\n<tr>\n<td>El Grifo L\u00e1grima D.O. Lanzarote<\/td>\n<td>29,00\u20ac<\/td>\n<\/tr>\n<tr>\n<td>Casa Althay Rosado<\/td>\n<td>29,00\u20ac<\/td>\n<\/tr>\n<\/tbody>\n<\/table>\n<p>[\/vc_column_text][vc_custom_heading text=&#8221;D e l a C a s a&#8221; font_container=&#8221;tag:h3|text_align:center|color:%23dd8282&#8243;][vc_column_text]<\/p>\n<table>\n<tbody>\n<tr>\n<td>Vino de la Casa \/ House Wine<\/td>\n<td>19,20\u20ac<\/td>\n<\/tr>\n<tr>\n<td>Copa de Vino de la Casa \/ Glass of House Wine<\/td>\n<td>4,50\u20ac<\/td>\n<\/tr>\n<\/tbody>\n<\/table>\n<p>[\/vc_column_text][vc_custom_heading text=&#8221;Cava\/Champagne&#8221; font_container=&#8221;tag:h2|font_size:48px|text_align:left&#8221; google_fonts=&#8221;font_family:Playfair%20Display%3Aregular%2Citalic%2C700%2C700italic%2C900%2C900italic|font_style:400%20regular%3A400%3Anormal&#8221;][vc_column_text]<\/p>\n<table>\n<tbody>\n<tr>\n<td>Bermejo Brut Nature<\/td>\n<td>35,00\u20ac<\/td>\n<\/tr>\n<tr>\n<td>Bermejo Rosado Nature<\/td>\n<td>35,00\u20ac<\/td>\n<\/tr>\n<tr>\n<td>Mo\u00ebt &amp; Chandon Brut Imperial<\/td>\n<td>76,00\u20ac<\/td>\n<\/tr>\n<tr>\n<td>Mo\u00ebt &amp; Chandon Brut Ros\u00e9 Imperial<\/td>\n<td>86,00\u20ac<\/td>\n<\/tr>\n<tr>\n<td>Veuve Clicquot<\/td>\n<td>75,00\u20ac<\/td>\n<\/tr>\n<tr>\n<td>Mumm Brut<\/td>\n<td>65,00\u20ac<\/td>\n<\/tr>\n<tr>\n<td>Mumm Brut Ros\u00e9<\/td>\n<td>75,00\u20ac<\/td>\n<\/tr>\n<tr>\n<td>Prosecco Val D\u00b4oca Extra Dry<\/td>\n<td>24,00\u20ac<\/td>\n<\/tr>\n<tr>\n<td>Benjamin<\/td>\n<td>6,80\u20ac<\/td>\n<\/tr>\n<tr>\n<td>Ancestral Nubium Blanco<\/td>\n<td>44,00\u20ac<\/td>\n<\/tr>\n<\/tbody>\n<\/table>\n<p>[\/vc_column_text][\/vc_column][\/vc_row][vc_row][vc_column][vc_text_separator][vc_custom_heading text=&#8221;Italia y sus vinos&#8221; font_container=&#8221;tag:h2|font_size:48px|text_align:left&#8221; google_fonts=&#8221;font_family:Playfair%20Display%3Aregular%2Citalic%2C700%2C700italic%2C900%2C900italic|font_style:400%20regular%3A400%3Anormal&#8221;][\/vc_column][\/vc_row][vc_row][vc_column width=&#8221;1\/2&#8243;][vc_column_text]Italia tiene una de las tradiciones vin\u00edcolas m\u00e1s importantes y antiguas del mundo.<\/p>\n<p>Ofrece casi cuatrocientas variedades de uvas aut\u00f3ctonas que se cultivan desde el norte del pa\u00eds (Trentino-Alto Adige) hasta el Sur y en las islas (Sicilia y Sarde\u00f1a).<\/p>\n<p>Aqu\u00ed en nuestro restaurante, Ud. puede degustar los vinos de las veinte regiones italianas con sus respectivas denominaciones de origen para acompa\u00f1ar sus comidas.<\/p>\n<p>Buen apetito.<br \/>\n[\/vc_column_text][\/vc_column][vc_column width=&#8221;1\/2&#8243;][vc_single_image image=&#8221;725&#8243; img_size=&#8221;large&#8221; alignment=&#8221;center&#8221;][\/vc_column][\/vc_row][vc_row][vc_column][vc_button title=&#8221;Entrantes&#8221; icon=&#8221;wpb_arrow&#8221; size=&#8221;btn-large&#8221; href=&#8221;\/entrantes\/&#8221;][vc_button title=&#8221;Pasta&#8221; icon=&#8221;wpb_arrow&#8221; size=&#8221;btn-large&#8221; href=&#8221;\/pasta\/&#8221;][vc_button title=&#8221;Pescados&#8221; icon=&#8221;wpb_arrow&#8221; size=&#8221;btn-large&#8221; href=&#8221;\/pescados\/&#8221;][vc_button title=&#8221;Carnes&#8221; icon=&#8221;wpb_arrow&#8221; size=&#8221;btn-large&#8221; href=&#8221;\/carnes\/&#8221;][vc_button title=&#8221;Pizzas&#8221; icon=&#8221;wpb_arrow&#8221; size=&#8221;btn-large&#8221; href=&#8221;\/pizzas\/&#8221;][vc_button title=&#8221;Cel\u00edacos&#8221; icon=&#8221;wpb_arrow&#8221; size=&#8221;btn-large&#8221; href=&#8221;\/celiacos\/&#8221;][vc_button title=&#8221;Vinos&#8221; color=&#8221;btn-danger&#8221; icon=&#8221;wpb_asterisk&#8221; size=&#8221;btn-large&#8221; href=&#8221;\/vinos\/&#8221;][vc_button title=&#8221;Postres&#8221; icon=&#8221;wpb_arrow&#8221; size=&#8221;btn-large&#8221; href=&#8221;\/postres\/&#8221;][vc_button title=&#8221;Bebidas&#8221; icon=&#8221;wpb_arrow&#8221; size=&#8221;btn-large&#8221; href=&#8221;\/bebidas\/&#8221;][vc_button title=&#8221;Carta&#8221; color=&#8221;btn-warning&#8221; icon=&#8221;wpb_bookmark&#8221; size=&#8221;btn-large&#8221; href=&#8221;\/carta\/&#8221;][vc_row_inner][vc_column_inner][vc_separator color=&#8221;white&#8221; css=&#8221;.vc_custom_1637255222832{padding-top: 20px !important;}&#8221;][\/vc_column_inner][\/vc_row_inner][\/vc_column][\/vc_row]<\/p>","protected":false},"excerpt":{"rendered":"<p>[vc_row][vc_column width=&#8221;1\/2&#8243;][vc_custom_heading text=&#8221;Vinos Tintos&#8221; font_container=&#8221;tag:h2|font_size:48px|text_align:left&#8221; google_fonts=&#8221;font_family:Playfair%20Display%3Aregular%2Citalic%2C700%2C700italic%2C900%2C900italic|font_style:400%20regular%3A400%3Anormal&#8221;][vc_custom_heading text=&#8221;D.O. I T A L I A&#8221; font_container=&#8221;tag:h3|text_align:center|color:%23dd8282&#8243;][vc_column_text] Merlot D.O.C. Friuli 24,00\u20ac Bardolino D.OC. [&hellip;]<\/p>\n","protected":false},"author":1,"featured_media":0,"parent":0,"menu_order":0,"comment_status":"closed","ping_status":"closed","template":"","meta":{"ngg_post_thumbnail":0,"footnotes":""},"class_list":["post-16","page","type-page","status-publish","hentry","comments-closed"],"_links":{"self":[{"href":"https:\/\/lacasadelparmigiano.es\/it\/wp-json\/wp\/v2\/pages\/16","targetHints":{"allow":["GET"]}}],"collection":[{"href":"https:\/\/lacasadelparmigiano.es\/it\/wp-json\/wp\/v2\/pages"}],"about":[{"href":"https:\/\/lacasadelparmigiano.es\/it\/wp-json\/wp\/v2\/types\/page"}],"author":[{"embeddable":true,"href":"https:\/\/lacasadelparmigiano.es\/it\/wp-json\/wp\/v2\/users\/1"}],"replies":[{"embeddable":true,"href":"https:\/\/lacasadelparmigiano.es\/it\/wp-json\/wp\/v2\/comments?post=16"}],"version-history":[{"count":112,"href":"https:\/\/lacasadelparmigiano.es\/it\/wp-json\/wp\/v2\/pages\/16\/revisions"}],"predecessor-version":[{"id":1710,"href":"https:\/\/lacasadelparmigiano.es\/it\/wp-json\/wp\/v2\/pages\/16\/revisions\/1710"}],"wp:attachment":[{"href":"https:\/\/lacasadelparmigiano.es\/it\/wp-json\/wp\/v2\/media?parent=16"}],"curies":[{"name":"wp","href":"https:\/\/api.w.org\/{rel}","templated":true}]}}