{"id":1272,"date":"2022-06-23T15:25:41","date_gmt":"2022-06-23T15:25:41","guid":{"rendered":"http:\/\/lacasadelparmigiano.es\/?page_id=1272"},"modified":"2025-07-31T11:40:18","modified_gmt":"2025-07-31T11:40:18","slug":"transparencia","status":"publish","type":"page","link":"https:\/\/lacasadelparmigiano.es\/it\/transparencia\/","title":{"rendered":"Transparencia"},"content":{"rendered":"<p>[vc_row][vc_column][vc_custom_heading text=&#8221;Informaci\u00f3n Institucional (Actualizado a fecha 01-08-2025)&#8221; font_container=&#8221;tag:h1|font_size:2em|text_align:left|color:%23000000&#8243; google_fonts=&#8221;font_family:Open%20Sans%3A300%2C300italic%2Cregular%2Citalic%2C600%2C600italic%2C700%2C700italic%2C800%2C800italic|font_style:400%20regular%3A400%3Anormal&#8221;][vc_empty_space][vc_column_text]<\/p>\n<p class=\"p1\">Fecha constituci\u00f3n:<span class=\"Apple-converted-space\">&nbsp; <\/span>30\/03\/2000<\/p>\n<p class=\"p3\">Objeto Social: BIBRILANZ S.L tiene por objeto: \u201cLa compraventa, construcci\u00f3n, promoci\u00f3n, explotaci\u00f3n y administraci\u00f3n de edificios, viviendas, locales comerciales, bungalows, apartamentos, residencias, hoteles, complejos urban\u00edsticos y toda clase de bienes inmuebles. La explotaci\u00f3n de toda clase de bares, restaurantes, cafeter\u00edas, salas de fiesta y espect\u00e1culo.\u201d<\/p>\n<p class=\"p3\">Actividad: La actividad que desarrolla es la correspondiente con su objeto social relativa a restaurante de tres tenedores.<\/p>\n<p class=\"p1\">CNAE 5610<\/p>\n<p>[\/vc_column_text][vc_empty_space][\/vc_column][\/vc_row][vc_row][vc_column][vc_custom_heading text=&#8221;Organizativa (Actualizado a fecha 01-08-2025)&#8221; font_container=&#8221;tag:h1|font_size:2em|text_align:left|color:%23000000&#8243; google_fonts=&#8221;font_family:Open%20Sans%3A300%2C300italic%2Cregular%2Citalic%2C600%2C600italic%2C700%2C700italic%2C800%2C800italic|font_style:400%20regular%3A400%3Anormal&#8221;][vc_empty_space][vc_column_text]<\/p>\n<p class=\"p1\">Ley aplicable: <a href=\"https:\/\/transparenciacanarias.org\/que-hacemos\/legislacion\/\" target=\"_blank\" rel=\"noopener noreferrer\">Ley 12\/2014, de 26 de diciembre<\/a><\/p>\n<p>[\/vc_column_text][vc_empty_space][\/vc_column][\/vc_row][vc_row][vc_column][vc_custom_heading text=&#8221;Organigrama (Actualizado a fecha 01-08-2025)&#8221; font_container=&#8221;tag:h1|font_size:2em|text_align:left|color:%23000000&#8243; google_fonts=&#8221;font_family:Open%20Sans%3A300%2C300italic%2Cregular%2Citalic%2C600%2C600italic%2C700%2C700italic%2C800%2C800italic|font_style:400%20regular%3A400%3Anormal&#8221;][vc_empty_space][vc_single_image image=&#8221;1283&#8243; img_size=&#8221;large&#8221;][vc_empty_space][\/vc_column][\/vc_row][vc_row][vc_column][vc_custom_heading text=&#8221;Econ\u00f3mico-financiera (Actualizado a fecha 01-08-2025)&#8221; font_container=&#8221;tag:h1|font_size:2em|text_align:left|color:%23000000&#8243; google_fonts=&#8221;font_family:Open%20Sans%3A300%2C300italic%2Cregular%2Citalic%2C600%2C600italic%2C700%2C700italic%2C800%2C800italic|font_style:400%20regular%3A400%3Anormal&#8221;][vc_empty_space][vc_column_text]<\/p>\n<h3>2018<\/h3>\n<ul>\n<li><a href=\"https:\/\/lacasadelparmigiano.es\/wp-content\/uploads\/2022\/06\/MEMORIA-ECONOMICA-2018.pdf\">Memoria econ\u00f3mica<\/a><\/li>\n<li><a href=\"https:\/\/lacasadelparmigiano.es\/wp-content\/uploads\/2022\/06\/BALANCE-2018.pdf\">Balance<\/a><\/li>\n<\/ul>\n<h3>2019<\/h3>\n<ul>\n<li><a href=\"https:\/\/lacasadelparmigiano.es\/wp-content\/uploads\/2022\/06\/MEMORIA-ECONOMICA-2019.pdf\">Memoria econ\u00f3mica<\/a><\/li>\n<li><a href=\"https:\/\/lacasadelparmigiano.es\/wp-content\/uploads\/2022\/06\/BALANCE-2019.pdf\">Balance<\/a><\/li>\n<\/ul>\n<h3>2020<\/h3>\n<ul>\n<li><a href=\"https:\/\/lacasadelparmigiano.es\/wp-content\/uploads\/2022\/06\/MEMORIA-ECONOMICA-2020.pdf\">Memoria econ\u00f3mica<\/a><\/li>\n<li><a href=\"https:\/\/lacasadelparmigiano.es\/wp-content\/uploads\/2022\/06\/BALANCE-2020.pdf\">Balance<\/a><\/li>\n<\/ul>\n<h3>2021<\/h3>\n<ul>\n<li><a href=\"https:\/\/lacasadelparmigiano.es\/wp-content\/uploads\/2023\/09\/2021-Memoria-BibrilanzSL.pdf\">Memoria econ\u00f3mica<\/a><\/li>\n<li><a href=\"https:\/\/lacasadelparmigiano.es\/wp-content\/uploads\/2023\/09\/2021-Balance-BibrilanzSL.pdf\">Balance<\/a><\/li>\n<\/ul>\n<h3>2022<\/h3>\n<ul>\n<li><a href=\"https:\/\/lacasadelparmigiano.es\/wp-content\/uploads\/2023\/09\/2022-Memoria-BibrilanzSL.pdf\">Memoria econ\u00f3mica<\/a><\/li>\n<li><a href=\"https:\/\/lacasadelparmigiano.es\/wp-content\/uploads\/2023\/09\/2022-Balance-BibrilanzSL.pdf\">Balance<\/a><\/li>\n<\/ul>\n<h3>2023<\/h3>\n<ul>\n<li><a href=\"https:\/\/lacasadelparmigiano.es\/wp-content\/uploads\/2025\/07\/2023-Memoria-BIBRILANZ.pdf\">Memoria econ\u00f3mica<\/a><\/li>\n<li><a href=\"https:\/\/lacasadelparmigiano.es\/wp-content\/uploads\/2025\/07\/2023-Balance-BIBRILANZ.pdf\">Balance<\/a><\/li>\n<\/ul>\n<h3>2024<\/h3>\n<ul>\n<li><a href=\"https:\/\/lacasadelparmigiano.es\/wp-content\/uploads\/2025\/07\/2024-Memoria-BIBRILANZ.pdf\">Memoria econ\u00f3mica<\/a><\/li>\n<li><a href=\"https:\/\/lacasadelparmigiano.es\/wp-content\/uploads\/2025\/07\/2024-Balance-BIBRILANZ.pdf\">Balance<\/a><\/li>\n<\/ul>\n<p>&nbsp;[\/vc_column_text][vc_empty_space][\/vc_column][\/vc_row][vc_row][vc_column][vc_custom_heading text=&#8221;Informes de auditor\u00eda (Actualizado a fecha 01-08-2025)&#8221; font_container=&#8221;tag:h1|font_size:2em|text_align:left|color:%23000000&#8243; google_fonts=&#8221;font_family:Open%20Sans%3A300%2C300italic%2Cregular%2Citalic%2C600%2C600italic%2C700%2C700italic%2C800%2C800italic|font_style:400%20regular%3A400%3Anormal&#8221;][vc_empty_space][vc_column_text]<\/p>\n<p class=\"p1\">La entidad no realiza auditor\u00eda de cuentas y de fiscalizaci\u00f3n por los \u00f3rganos de control externo ya que seg\u00fan se especifica en el art\u00edculo 263 del Real Decreto Legislativo 1\/2010, de 2 de julio, por el que se aprueba el texto refundido de la Ley de Sociedades de Capital, Art\u00edculo 263. Auditor de cuentas<\/p>\n<p class=\"p1\">1. Las cuentas anuales y, en su caso, el informe de gesti\u00f3n deber\u00e1n ser revisados por auditor de cuentas.<\/p>\n<p class=\"p1\">2. Se except\u00faa de esta obligaci\u00f3n a las sociedades que durante dos ejercicios consecutivos re\u00fanan, a la fecha de cierre de cada uno de ellos, al menos dos de las circunstancias siguientes:<\/p>\n<p class=\"p1\">a) Que el total de las partidas del activo no supere los dos millones ochocientos cincuenta mil euros.<\/p>\n<p class=\"p1\">b) Que el importe neto de su cifra anual de negocios no supere los cinco millones setecientos mil euros.<\/p>\n<p class=\"p1\">c) Que el n\u00famero medio de trabajadores empleados durante el ejercicio no sea superior a cincuenta.<\/p>\n<p class=\"p1\">Nuestra entidad no re\u00fane ninguna de las circunstancias reflejadas en los apartados anteriores.<\/p>\n<p>&nbsp;[\/vc_column_text][\/vc_column][\/vc_row][vc_row][vc_column][vc_custom_heading text=&#8221;Contratos (Actualizado a fecha 01-08-2025)&#8221; font_container=&#8221;tag:h1|font_size:2em|text_align:left|color:%23000000&#8243; google_fonts=&#8221;font_family:Open%20Sans%3A300%2C300italic%2Cregular%2Citalic%2C600%2C600italic%2C700%2C700italic%2C800%2C800italic|font_style:400%20regular%3A400%3Anormal&#8221;][vc_empty_space][vc_column_text]<\/p>\n<h3>A\u00f1o 2018<\/h3>\n<ul>\n<li>La sociedad no ha formalizado contratos con entidades p\u00fablicas.<\/li>\n<li>La sociedad no ha realizado informaci\u00f3n trimestral de contratos menores con entidades p\u00fablicas.<\/li>\n<\/ul>\n<h3>A\u00f1o 2019<\/h3>\n<ul>\n<li>La sociedad no ha formalizado contratos con entidades p\u00fablicas.<\/li>\n<li>La sociedad no ha realizado informaci\u00f3n trimestral de contratos menores con entidades p\u00fablicas.<\/li>\n<\/ul>\n<h3>A\u00f1o 2020<\/h3>\n<ul>\n<li>La sociedad no ha formalizado contratos con entidades p\u00fablicas.<\/li>\n<li>La sociedad no ha realizado informaci\u00f3n trimestral de contratos menores con entidades p\u00fablicas.<\/li>\n<\/ul>\n<h3>A\u00f1o 2021<\/h3>\n<ul>\n<li>La sociedad no ha formalizado contratos con entidades p\u00fablicas.<\/li>\n<li>La sociedad no ha realizado informaci\u00f3n trimestral de contratos menores con entidades p\u00fablicas.<\/li>\n<\/ul>\n<h3>A\u00f1o 2022<\/h3>\n<ul>\n<li>La sociedad no ha formalizado contratos con entidades p\u00fablicas.<\/li>\n<li>La sociedad no ha realizado informaci\u00f3n trimestral de contratos menores con entidades p\u00fablicas.<\/li>\n<\/ul>\n<h3>A\u00f1o 2023<\/h3>\n<ul>\n<li>La sociedad no ha formalizado contratos con entidades p\u00fablicas.<\/li>\n<li>La sociedad no ha realizado informaci\u00f3n trimestral de contratos menores con entidades p\u00fablicas.<\/li>\n<\/ul>\n<h3>A\u00f1o 2024<\/h3>\n<ul>\n<li>La sociedad no ha formalizado contratos con entidades p\u00fablicas.<\/li>\n<li>La sociedad no ha realizado informaci\u00f3n trimestral de contratos menores con entidades p\u00fablicas.<\/li>\n<\/ul>\n<p>[\/vc_column_text][vc_empty_space][\/vc_column][\/vc_row][vc_row][vc_column][vc_custom_heading text=&#8221;Convenios (Actualizado a fecha 01-08-2025)&#8221; font_container=&#8221;tag:h1|font_size:2em|text_align:left|color:%23000000&#8243; google_fonts=&#8221;font_family:Open%20Sans%3A300%2C300italic%2Cregular%2Citalic%2C600%2C600italic%2C700%2C700italic%2C800%2C800italic|font_style:400%20regular%3A400%3Anormal&#8221;][vc_empty_space][vc_column_text]<\/p>\n<h3>A\u00f1o 2018<\/h3>\n<p>La sociedad no ha formalizado convenios con entidades p\u00fablicas.<\/p>\n<h3>A\u00f1o 2019<\/h3>\n<p>La sociedad no ha formalizado convenios con entidades p\u00fablicas.<\/p>\n<h3>A\u00f1o 2020<\/h3>\n<p>La sociedad no ha formalizado convenios con entidades p\u00fablicas.<\/p>\n<h3>A\u00f1o 2021<\/h3>\n<p>La sociedad no ha formalizado convenios con entidades p\u00fablicas.<\/p>\n<h3>A\u00f1o 2022<\/h3>\n<p>La sociedad no ha formalizado convenios con entidades p\u00fablicas.<\/p>\n<h3>A\u00f1o 2023<\/h3>\n<p>La sociedad no ha formalizado convenios con entidades p\u00fablicas.<\/p>\n<h3>A\u00f1o 2024<\/h3>\n<p>La sociedad no ha formalizado convenios con entidades p\u00fablicas.<br \/>\n[\/vc_column_text][vc_empty_space][\/vc_column][\/vc_row][vc_row][vc_column][vc_custom_heading text=&#8221;Ayudas y subvenciones (Actualizado a fecha 01-08-2025)&#8221; font_container=&#8221;tag:h1|font_size:2em|text_align:left|color:%23000000&#8243; google_fonts=&#8221;font_family:Open%20Sans%3A300%2C300italic%2Cregular%2Citalic%2C600%2C600italic%2C700%2C700italic%2C800%2C800italic|font_style:400%20regular%3A400%3Anormal&#8221;][vc_empty_space][vc_column_text]Las subvenciones recibidas han sido las siguientes:<\/p>\n<ul>\n<li>Subvenci\u00f3n Gobierno de Canarias: recibida 20\/04\/2021 importe 23.600\u20ac<\/li>\n<li>Subvenci\u00f3n Gobierno de Canarias: recibida 15\/12\/2021 importe 95.983,08\u20ac<\/li>\n<li>Subvenci\u00f3n Cabildo de Lanzarote: recibida 17\/12\/2021 importe 6.000\u20ac<\/li>\n<\/ul>\n<p class=\"p1\">La finalidad de las subvenciones arriba indicadas fue el sostenimiento de la entidad por las consecuencias del COVID, se han destinado a sufragar cr\u00e9ditos ICO y p\u00e9rdidas ocasionadas por las restricciones de la pandemia.<\/p>\n<p>&nbsp;[\/vc_column_text][vc_empty_space][\/vc_column][\/vc_row]<\/p>\n","protected":false},"excerpt":{"rendered":"<p>[vc_row][vc_column][vc_custom_heading text=&#8221;Informaci\u00f3n Institucional (Actualizado a fecha 01-08-2025)&#8221; font_container=&#8221;tag:h1|font_size:2em|text_align:left|color:%23000000&#8243; google_fonts=&#8221;font_family:Open%20Sans%3A300%2C300italic%2Cregular%2Citalic%2C600%2C600italic%2C700%2C700italic%2C800%2C800italic|font_style:400%20regular%3A400%3Anormal&#8221;][vc_empty_space][vc_column_text] Fecha constituci\u00f3n:&nbsp; 30\/03\/2000 Objeto Social: BIBRILANZ S.L tiene por objeto: \u201cLa [&hellip;]<\/p>\n","protected":false},"author":1,"featured_media":0,"parent":0,"menu_order":0,"comment_status":"closed","ping_status":"closed","template":"","meta":{"ngg_post_thumbnail":0,"footnotes":""},"class_list":["post-1272","page","type-page","status-publish","hentry","comments-closed"],"_links":{"self":[{"href":"https:\/\/lacasadelparmigiano.es\/it\/wp-json\/wp\/v2\/pages\/1272","targetHints":{"allow":["GET"]}}],"collection":[{"href":"https:\/\/lacasadelparmigiano.es\/it\/wp-json\/wp\/v2\/pages"}],"about":[{"href":"https:\/\/lacasadelparmigiano.es\/it\/wp-json\/wp\/v2\/types\/page"}],"author":[{"embeddable":true,"href":"https:\/\/lacasadelparmigiano.es\/it\/wp-json\/wp\/v2\/users\/1"}],"replies":[{"embeddable":true,"href":"https:\/\/lacasadelparmigiano.es\/it\/wp-json\/wp\/v2\/comments?post=1272"}],"version-history":[{"count":11,"href":"https:\/\/lacasadelparmigiano.es\/it\/wp-json\/wp\/v2\/pages\/1272\/revisions"}],"predecessor-version":[{"id":1673,"href":"https:\/\/lacasadelparmigiano.es\/it\/wp-json\/wp\/v2\/pages\/1272\/revisions\/1673"}],"wp:attachment":[{"href":"https:\/\/lacasadelparmigiano.es\/it\/wp-json\/wp\/v2\/media?parent=1272"}],"curies":[{"name":"wp","href":"https:\/\/api.w.org\/{rel}","templated":true}]}}