{"id":290,"date":"2015-04-13T17:21:06","date_gmt":"2015-04-13T17:21:06","guid":{"rendered":"http:\/\/www.lacasadelparmigiano.es\/?page_id=290"},"modified":"2025-11-28T08:56:42","modified_gmt":"2025-11-28T08:56:42","slug":"celiacos","status":"publish","type":"page","link":"https:\/\/lacasadelparmigiano.es\/de\/celiacos\/","title":{"rendered":"Z\u00f6liakie"},"content":{"rendered":"<p>[vc_row][vc_column width=&#8220;2\/3&#8243;][vc_column_text]In der Hoffnung, dass Sie werden es genie\u00dfen wir entwickelt haben, diese spezielle <strong>Karte f\u00fcr pers\u00f6nlichen Cel\u00edacos<\/strong>.Nuestro wird ausgebildet und qualifiziert, um dieses Service zu bieten, auf die m\u00fcssen wir unsere volle Aufmerksamkeit und Respekt zu geben.<\/p>\n<p>Wir sind in Kontakt mit der <strong>Z\u00f6liakie Association of Canary<\/strong>, um dieses Men\u00fc zu machen und unsere Anlagen passen sich die Herstellung solcher Gerichte so sicher wie m\u00f6glich zu gew\u00e4hrleisten.<\/p>\n<p>Wir haben uns <strong>auch in der Vorbereitung glutenfreier Gerichte spezialisiert,<\/strong> da wir&nbsp;uns bewusst sind wie schwierig es f\u00fcr diese Personen ist ausser Haus zu essen.<\/p>\n<p>[\/vc_column_text][\/vc_column][vc_column width=&#8220;1\/3&#8243;]<div class=\"ult-just-icon-wrapper  \"><div class=\"align-icon\" style=\"text-align:center;\">\n<div class=\"aio-icon-img \" style=\"font-size:180px;display:inline-block;\" data-animation=\"fadeInDown\" data-animation-delay=\"03\">\n\t<img decoding=\"async\" class=\"img-icon\" alt=\"\" src=\"https:\/\/lacasadelparmigiano.es\/wp-content\/uploads\/2015\/04\/singluten1.png\"\/>\n<\/div><\/div><\/div>[\/vc_column][\/vc_row][vc_row][vc_column width=&#8220;1\/2&#8243;][vc_empty_space][vc_custom_heading text=&#8220;Vorspeisen&#8220; font_container=&#8220;tag:h2|font_size:48px|text_align:left&#8220; google_fonts=&#8220;font_family:Playfair%20Display%3Aregular%2Citalic%2C700%2C700italic%2C900%2C900italic|font_style:400%20regular%3A400%3Anormal&#8220; css=&#8220;.vc_custom_1436340154049{margin-bottom: 20px !important;}&#8220;]<div class=\"stm_dish\"><div class=\"stm_dish_in\"><div class=\"stm_dish-column __small\"><div class=\"stm_dish-column_in\"><\/div><\/div><div class=\"stm_dish-column __large\"><div class=\"stm_dish-header\"><span class=\"stm_dish_name\">Carpaccio aus Rinderfilet<\/span><span class=\"stm_dots\"><span class=\"separator_dots\"><\/span><\/span><span class=\"stm_dish_cost\">\u20ac16,00<\/span><\/div><\/div><\/div><\/div><div class=\"stm_dish\"><div class=\"stm_dish_in\"><div class=\"stm_dish-column __small\"><div class=\"stm_dish-column_in\"><\/div><\/div><div class=\"stm_dish-column __large\"><div class=\"stm_dish-header\"><span class=\"stm_dish_name\">Focaccia (Knoblauch Pizza Brot)<\/span><span class=\"stm_dots\"><span class=\"separator_dots\"><\/span><\/span><span class=\"stm_dish_cost\">\u20ac11,00<\/span><\/div><\/div><\/div><\/div><div class=\"stm_dish\"><div class=\"stm_dish_in\"><div class=\"stm_dish-column __small\"><div class=\"stm_dish-column_in\"><\/div><\/div><div class=\"stm_dish-column __large\"><div class=\"stm_dish-header\"><span class=\"stm_dish_name\">Tomaten und frischer Bufala-Mozzarella mit Basilikum<\/span><span class=\"stm_dots\"><span class=\"separator_dots\"><\/span><\/span><span class=\"stm_dish_cost\">\u20ac12,50<\/span><\/div><\/div><\/div><\/div><div class=\"stm_dish\"><div class=\"stm_dish_in\"><div class=\"stm_dish-column __small\"><div class=\"stm_dish-column_in\"><\/div><\/div><div class=\"stm_dish-column __large\"><div class=\"stm_dish-header\"><span class=\"stm_dish_name\">Gemischter Salat<\/span><span class=\"stm_dots\"><span class=\"separator_dots\"><\/span><\/span><span class=\"stm_dish_cost\">\u20ac10,50<\/span><\/div><\/div><\/div><\/div><div class=\"stm_dish\"><div class=\"stm_dish_in\"><div class=\"stm_dish-column __small\"><div class=\"stm_dish-column_in\"><\/div><\/div><div class=\"stm_dish-column __large\"><div class=\"stm_dish-header\"><span class=\"stm_dish_name\">H\u00e4hnchengruststreifen mit Gorgonzolak\u00e4se und N\u00fcssen<\/span><span class=\"stm_dots\"><span class=\"separator_dots\"><\/span><\/span><span class=\"stm_dish_cost\">\u20ac16,20<\/span><\/div><\/div><\/div><\/div><div class=\"stm_dish\"><div class=\"stm_dish_in\"><div class=\"stm_dish-column __small\"><div class=\"stm_dish-column_in\"><\/div><\/div><div class=\"stm_dish-column __large\"><div class=\"stm_dish-header\"><span class=\"stm_dish_name\">Gemischter Salat mit Filetstreifen, Senf und Honig<\/span><span class=\"stm_dots\"><span class=\"separator_dots\"><\/span><\/span><span class=\"stm_dish_cost\">\u20ac17,50<\/span><\/div><\/div><\/div><\/div>[vc_empty_space][vc_custom_heading text=&#8220;Unseren Pastas&#8220; font_container=&#8220;tag:h2|font_size:48px|text_align:left&#8220; google_fonts=&#8220;font_family:Playfair%20Display%3Aregular%2Citalic%2C700%2C700italic%2C900%2C900italic|font_style:400%20regular%3A400%3Anormal&#8220; css=&#8220;.vc_custom_1436340197589{margin-bottom: 20px !important;}&#8220;][vc_column_text]<\/p>\n<ul>\n<li><strong>Spaghetti<\/strong><\/li>\n<li><strong>Penne<\/strong><\/li>\n<\/ul>\n<p>[\/vc_column_text][vc_empty_space][vc_custom_heading text=&#8220;Auswahl an Sossen mit unseren Pastas&#8220; font_container=&#8220;tag:h2|font_size:36px|text_align:left&#8220; google_fonts=&#8220;font_family:Playfair%20Display%3Aregular%2Citalic%2C700%2C700italic%2C900%2C900italic|font_style:400%20regular%3A400%3Anormal&#8220; css=&#8220;.vc_custom_1436340216941{margin-bottom: 20px !important;}&#8220;]<div class=\"stm_dish\"><div class=\"stm_dish_in\"><div class=\"stm_dish-column __small\"><div class=\"stm_dish-column_in\"><\/div><\/div><div class=\"stm_dish-column __large\"><div class=\"stm_dish-header\"><span class=\"stm_dish_name\">Carbonara<\/span><span class=\"stm_dots\"><span class=\"separator_dots\"><\/span><\/span><span class=\"stm_dish_cost\">\u20ac19,00<\/span><\/div><\/div><\/div><\/div><div class=\"stm_dish\"><div class=\"stm_dish_in\"><div class=\"stm_dish-column __small\"><div class=\"stm_dish-column_in\"><\/div><\/div><div class=\"stm_dish-column __large\"><div class=\"stm_dish-header\"><span class=\"stm_dish_name\">Bolognesa<\/span><span class=\"stm_dots\"><span class=\"separator_dots\"><\/span><\/span><span class=\"stm_dish_cost\">\u20ac17,00<\/span><\/div><\/div><\/div><\/div><div class=\"stm_dish\"><div class=\"stm_dish_in\"><div class=\"stm_dish-column __small\"><div class=\"stm_dish-column_in\"><\/div><\/div><div class=\"stm_dish-column __large\"><div class=\"stm_dish-header\"><span class=\"stm_dish_name\">Lachssosse<\/span><span class=\"stm_dots\"><span class=\"separator_dots\"><\/span><\/span><span class=\"stm_dish_cost\">\u20ac18,00<\/span><\/div><\/div><\/div><\/div><div class=\"stm_dish\"><div class=\"stm_dish_in\"><div class=\"stm_dish-column __small\"><div class=\"stm_dish-column_in\"><\/div><\/div><div class=\"stm_dish-column __large\"><div class=\"stm_dish-header\"><span class=\"stm_dish_name\">Sosse mit Meeresfr\u00fcchten<\/span><span class=\"stm_dots\"><span class=\"separator_dots\"><\/span><\/span><span class=\"stm_dish_cost\">\u20ac30,00<\/span><\/div><\/div><\/div><\/div><div class=\"stm_dish\"><div class=\"stm_dish_in\"><div class=\"stm_dish-column __small\"><div class=\"stm_dish-column_in\"><\/div><\/div><div class=\"stm_dish-column __large\"><div class=\"stm_dish-header\"><span class=\"stm_dish_name\">4 K\u00e4sesosse<\/span><span class=\"stm_dots\"><span class=\"separator_dots\"><\/span><\/span><span class=\"stm_dish_cost\">\u20ac16,30<\/span><\/div><\/div><\/div><\/div><div class=\"stm_dish\"><div class=\"stm_dish_in\"><div class=\"stm_dish-column __small\"><div class=\"stm_dish-column_in\"><\/div><\/div><div class=\"stm_dish-column __large\"><div class=\"stm_dish-header\"><span class=\"stm_dish_name\">Al Pesto<\/span><span class=\"stm_dots\"><span class=\"separator_dots\"><\/span><\/span><span class=\"stm_dish_cost\">\u20ac15,00<\/span><\/div><\/div><\/div><\/div>[vc_custom_heading text=&#8220;Fleisch&#8220; font_container=&#8220;tag:h2|font_size:48px|text_align:left&#8220; google_fonts=&#8220;font_family:Playfair%20Display%3Aregular%2Citalic%2C700%2C700italic%2C900%2C900italic|font_style:400%20regular%3A400%3Anormal&#8220; css=&#8220;.vc_custom_1436340162868{margin-bottom: 10px !important;}&#8220;]<div class=\"stm_dish\"><div class=\"stm_dish_in\"><div class=\"stm_dish-column __small\"><div class=\"stm_dish-column_in\"><\/div><\/div><div class=\"stm_dish-column __large\"><div class=\"stm_dish-header\"><span class=\"stm_dish_name\">Rinderfilet<\/span><span class=\"stm_dots\"><span class=\"separator_dots\"><\/span><\/span><span class=\"stm_dish_cost\">\u20ac23,60<\/span><\/div><\/div><\/div><\/div><div class=\"stm_dish\"><div class=\"stm_dish_in\"><div class=\"stm_dish-column __small\"><div class=\"stm_dish-column_in\"><\/div><\/div><div class=\"stm_dish-column __large\"><div class=\"stm_dish-header\"><span class=\"stm_dish_name\">H\u00fchnerbrust<\/span><span class=\"stm_dots\"><span class=\"separator_dots\"><\/span><\/span><span class=\"stm_dish_cost\">\u20ac16,00<\/span><\/div><\/div><\/div><\/div>[vc_empty_space][vc_custom_heading text=&#8220;Fisch&#8220; font_container=&#8220;tag:h2|font_size:48px|text_align:left&#8220; google_fonts=&#8220;font_family:Playfair%20Display%3Aregular%2Citalic%2C700%2C700italic%2C900%2C900italic|font_style:400%20regular%3A400%3Anormal&#8220; css=&#8220;.vc_custom_1436340179890{margin-bottom: 20px !important;}&#8220;]<div class=\"stm_dish\"><div class=\"stm_dish_in\"><div class=\"stm_dish-column __small\"><div class=\"stm_dish-column_in\"><\/div><\/div><div class=\"stm_dish-column __large\"><div class=\"stm_dish-header\"><span class=\"stm_dish_name\">Fisch des Tages<\/span><span class=\"stm_dots\"><span class=\"separator_dots\"><\/span><\/span><span class=\"stm_dish_cost\">\u20acS\/M<\/span><\/div><\/div><\/div><\/div>[vc_empty_space][vc_custom_heading text=&#8220;Auswahl an Sossen zu Fleisch oder Fisch&#8220; font_container=&#8220;tag:h2|font_size:36px|text_align:left&#8220; google_fonts=&#8220;font_family:Playfair%20Display%3Aregular%2Citalic%2C700%2C700italic%2C900%2C900italic|font_style:400%20regular%3A400%3Anormal&#8220; css=&#8220;.vc_custom_1436340189274{margin-bottom: 20px !important;}&#8220;][vc_column_text]<\/p>\n<ul>\n<li><strong>Gorgonzolasosse<\/strong><\/li>\n<li><strong>Pfeffer<\/strong><\/li>\n<li><strong>Pilzsosse<\/strong><\/li>\n<li><b>Weisswein mit Zitrone<\/b><\/li>\n<\/ul>\n<p>[\/vc_column_text][vc_empty_space][\/vc_column][vc_column width=&#8220;1\/2&#8243;][vc_empty_space][vc_custom_heading text=&#8220;Pizza&#8220; font_container=&#8220;tag:h2|font_size:48px|text_align:left&#8220; google_fonts=&#8220;font_family:Playfair%20Display%3Aregular%2Citalic%2C700%2C700italic%2C900%2C900italic|font_style:400%20regular%3A400%3Anormal&#8220; css=&#8220;.vc_custom_1592482932766{margin-bottom: 10px !important;}&#8220;]<div class=\"stm_dish\"><div class=\"stm_dish_in\"><div class=\"stm_dish-column __small\"><div class=\"stm_dish-column_in\"><\/div><\/div><div class=\"stm_dish-column __large\"><div class=\"stm_dish-header\"><span class=\"stm_dish_name\">MARGHERITA<\/span><span class=\"stm_dots\"><span class=\"separator_dots\"><\/span><\/span><span class=\"stm_dish_cost\">\u20ac11,00<\/span><\/div><div class=\"stm_dish-content\"><p>Tomaten und Mozzarella<\/p>\n<\/div><\/div><\/div><\/div><div class=\"stm_dish\"><div class=\"stm_dish_in\"><div class=\"stm_dish-column __small\"><div class=\"stm_dish-column_in\"><\/div><\/div><div class=\"stm_dish-column __large\"><div class=\"stm_dish-header\"><span class=\"stm_dish_name\">PROSCIUTTO E FUNGHI<\/span><span class=\"stm_dots\"><span class=\"separator_dots\"><\/span><\/span><span class=\"stm_dish_cost\">\u20ac15,00<\/span><\/div><div class=\"stm_dish-content\"><p>Tomaten, Mozzarella, Schinken und Pilze<\/p>\n<\/div><\/div><\/div><\/div><div class=\"stm_dish\"><div class=\"stm_dish_in\"><div class=\"stm_dish-column __small\"><div class=\"stm_dish-column_in\"><\/div><\/div><div class=\"stm_dish-column __large\"><div class=\"stm_dish-header\"><span class=\"stm_dish_name\">DIAVOLA<\/span><span class=\"stm_dots\"><span class=\"separator_dots\"><\/span><\/span><span class=\"stm_dish_cost\">\u20ac14,00<\/span><\/div><div class=\"stm_dish-content\"><p>Tomaten, Mozzarella und scharfe Salami<\/p>\n<\/div><\/div><\/div><\/div><div class=\"stm_dish\"><div class=\"stm_dish_in\"><div class=\"stm_dish-column __small\"><div class=\"stm_dish-column_in\"><\/div><\/div><div class=\"stm_dish-column __large\"><div class=\"stm_dish-header\"><span class=\"stm_dish_name\">MELANZANE E GORGONZOLA<\/span><span class=\"stm_dots\"><span class=\"separator_dots\"><\/span><\/span><span class=\"stm_dish_cost\">\u20ac15,40<\/span><\/div><div class=\"stm_dish-content\"><p>Tomaten, Mozzarella, Auberginen und Gorgonzola<\/p>\n<\/div><\/div><\/div><\/div><div class=\"stm_dish\"><div class=\"stm_dish_in\"><div class=\"stm_dish-column __small\"><div class=\"stm_dish-column_in\"><\/div><\/div><div class=\"stm_dish-column __large\"><div class=\"stm_dish-header\"><span class=\"stm_dish_name\">TROPICALE<\/span><span class=\"stm_dots\"><span class=\"separator_dots\"><\/span><\/span><span class=\"stm_dish_cost\">\u20ac14,5016,00<\/span><\/div><div class=\"stm_dish-content\"><p>Tomaten, Mozzarella, Schinken, Ananas und Banane<\/p>\n<\/div><\/div><\/div><\/div><div class=\"stm_dish\"><div class=\"stm_dish_in\"><div class=\"stm_dish-column __small\"><div class=\"stm_dish-column_in\"><\/div><\/div><div class=\"stm_dish-column __large\"><div class=\"stm_dish-header\"><span class=\"stm_dish_name\">PIZZA LANZAROTE<\/span><span class=\"stm_dots\"><span class=\"separator_dots\"><\/span><\/span><span class=\"stm_dish_cost\">\u20ac17,00<\/span><\/div><div class=\"stm_dish-content\"><p>Frische Tomaten, Mozzarella, Datteln, Ziegenfrischk\u00e4se, Speck, Zwiebeln von Lanzarote und Garnelen<\/p>\n<\/div><\/div><\/div><\/div><div class=\"stm_dish\"><div class=\"stm_dish_in\"><div class=\"stm_dish-column __small\"><div class=\"stm_dish-column_in\"><\/div><\/div><div class=\"stm_dish-column __large\"><div class=\"stm_dish-header\"><span class=\"stm_dish_name\">AMERICANA<\/span><span class=\"stm_dots\"><span class=\"separator_dots\"><\/span><\/span><span class=\"stm_dish_cost\">\u20ac14,50<\/span><\/div><div class=\"stm_dish-content\"><p>Tomaten, Mozzarella, Schinken, Speck und Ei<\/p>\n<\/div><\/div><\/div><\/div><div class=\"stm_dish\"><div class=\"stm_dish_in\"><div class=\"stm_dish-column __small\"><div class=\"stm_dish-column_in\"><\/div><\/div><div class=\"stm_dish-column __large\"><div class=\"stm_dish-header\"><span class=\"stm_dish_name\">CAPRICCIOSA<\/span><span class=\"stm_dots\"><span class=\"separator_dots\"><\/span><\/span><span class=\"stm_dish_cost\">\u20ac16,00<\/span><\/div><div class=\"stm_dish-content\"><p>Tomaten, Mozzarella, Schinken, Artischocken und Pilze<\/p>\n<\/div><\/div><\/div><\/div><div class=\"stm_dish\"><div class=\"stm_dish_in\"><div class=\"stm_dish-column __small\"><div class=\"stm_dish-column_in\"><\/div><\/div><div class=\"stm_dish-column __large\"><div class=\"stm_dish-header\"><span class=\"stm_dish_name\">PIZZA AI 4 FORMAGGI<\/span><span class=\"stm_dots\"><span class=\"separator_dots\"><\/span><\/span><span class=\"stm_dish_cost\">\u20ac16,00<\/span><\/div><div class=\"stm_dish-content\"><p>Tomaten, Mozzarella, Gorgonzola, Ricotta und Parmigiano<\/p>\n<\/div><\/div><\/div><\/div><div class=\"stm_dish\"><div class=\"stm_dish_in\"><div class=\"stm_dish-column __small\"><div class=\"stm_dish-column_in\"><\/div><\/div><div class=\"stm_dish-column __large\"><div class=\"stm_dish-header\"><span class=\"stm_dish_name\">TONNO E CIPOLLA<\/span><span class=\"stm_dots\"><span class=\"separator_dots\"><\/span><\/span><span class=\"stm_dish_cost\">\u20ac16,00<\/span><\/div><div class=\"stm_dish-content\"><p>Tomaten, Mozzarella, Thunfisch und Zwiebeln<\/p>\n<\/div><\/div><\/div><\/div><div class=\"stm_dish\"><div class=\"stm_dish_in\"><div class=\"stm_dish-column __small\"><div class=\"stm_dish-column_in\"><\/div><\/div><div class=\"stm_dish-column __large\"><div class=\"stm_dish-header\"><span class=\"stm_dish_name\">PIZZA FRUTTI DI MARE<\/span><span class=\"stm_dots\"><span class=\"separator_dots\"><\/span><\/span><span class=\"stm_dish_cost\">\u20ac18,50<\/span><\/div><div class=\"stm_dish-content\"><p>Tomaten, Mozzarella und Meeresfru\u0308chte<\/p>\n<\/div><\/div><\/div><\/div><div class=\"stm_dish\"><div class=\"stm_dish_in\"><div class=\"stm_dish-column __small\"><div class=\"stm_dish-column_in\"><\/div><\/div><div class=\"stm_dish-column __large\"><div class=\"stm_dish-header\"><span class=\"stm_dish_name\">PIZZA CASA DEL PARMIGIANO<\/span><span class=\"stm_dots\"><span class=\"separator_dots\"><\/span><\/span><span class=\"stm_dish_cost\">\u20ac16,00<\/span><\/div><div class=\"stm_dish-content\"><p>Tomaten, Mozzarella, gegrillte Zucchini, Kirschtomaten und Pargmigiano Reggiano<\/p>\n<\/div><\/div><\/div><\/div>[vc_custom_heading text=&#8220;Getr\u00e4nke&#8220; font_container=&#8220;tag:h2|font_size:48px|text_align:left&#8220; google_fonts=&#8220;font_family:Playfair%20Display%3Aregular%2Citalic%2C700%2C700italic%2C900%2C900italic|font_style:400%20regular%3A400%3Anormal&#8220; css=&#8220;.vc_custom_1436340226794{margin-bottom: 20px !important;}&#8220;]<div class=\"stm_dish\"><div class=\"stm_dish_in\"><div class=\"stm_dish-column __small\"><div class=\"stm_dish-column_in\"><\/div><\/div><div class=\"stm_dish-column __large\"><div class=\"stm_dish-header\"><span class=\"stm_dish_name\">Brot<\/span><span class=\"stm_dots\"><span class=\"separator_dots\"><\/span><\/span><span class=\"stm_dish_cost\">\u20ac2,00<\/span><\/div><\/div><\/div><\/div><div class=\"stm_dish\"><div class=\"stm_dish_in\"><div class=\"stm_dish-column __small\"><div class=\"stm_dish-column_in\"><\/div><\/div><div class=\"stm_dish-column __large\"><div class=\"stm_dish-header\"><span class=\"stm_dish_name\">Bier<\/span><span class=\"stm_dots\"><span class=\"separator_dots\"><\/span><\/span><span class=\"stm_dish_cost\">\u20ac3,50<\/span><\/div><\/div><\/div><\/div><div class=\"stm_dish\"><div class=\"stm_dish_in\"><div class=\"stm_dish-column __small\"><div class=\"stm_dish-column_in\"><\/div><\/div><div class=\"stm_dish-column __large\"><div class=\"stm_dish-header\"><span class=\"stm_dish_name\">Zitronensorbet<\/span><span class=\"stm_dots\"><span class=\"separator_dots\"><\/span><\/span><span class=\"stm_dish_cost\">\u20ac6,50<\/span><\/div><\/div><\/div><\/div><div class=\"stm_dish\"><div class=\"stm_dish_in\"><div class=\"stm_dish-column __small\"><div class=\"stm_dish-column_in\"><\/div><\/div><div class=\"stm_dish-column __large\"><div class=\"stm_dish-header\"><span class=\"stm_dish_name\">K\u00e4sekuchen<\/span><span class=\"stm_dots\"><span class=\"separator_dots\"><\/span><\/span><span class=\"stm_dish_cost\">\u20ac7,20<\/span><\/div><\/div><\/div><\/div>[\/vc_column][\/vc_row][vc_row][vc_column][vc_button title=&#8220;Vorspeisen&#8220; icon=&#8220;wpb_arrow&#8220; size=&#8220;btn-large&#8220; href=&#8220;\/de\/entrantes\/&#8220;][vc_button title=&#8220;Pasta&#8220; icon=&#8220;wpb_arrow&#8220; size=&#8220;btn-large&#8220; href=&#8220;\/de\/pasta\/&#8220;][vc_button title=&#8220;Fisch&#8220; icon=&#8220;wpb_arrow&#8220; size=&#8220;btn-large&#8220; href=&#8220;\/de\/pescados\/&#8220;][vc_button title=&#8220;Fleisch&#8220; icon=&#8220;wpb_arrow&#8220; size=&#8220;btn-large&#8220; href=&#8220;\/de\/carnes\/&#8220;][vc_button title=&#8220;Pizza&#8220; icon=&#8220;wpb_arrow&#8220; size=&#8220;btn-large&#8220; href=&#8220;\/de\/pizzas\/&#8220;][vc_button title=&#8220;Ohne Gluten&#8220; color=&#8220;btn-danger&#8220; icon=&#8220;wpb_asterisk&#8220; size=&#8220;btn-large&#8220; href=&#8220;\/de\/celiacos\/&#8220;][vc_button title=&#8220;Weine&#8220; icon=&#8220;wpb_arrow&#8220; size=&#8220;btn-large&#8220; href=&#8220;\/de\/vinos\/&#8220;][vc_button title=&#8220;Desserts&#8220; icon=&#8220;wpb_arrow&#8220; size=&#8220;btn-large&#8220; href=&#8220;\/de\/postres\/&#8220;][vc_button title=&#8220;Getr\u00e4nke&#8220; icon=&#8220;wpb_arrow&#8220; size=&#8220;btn-large&#8220; href=&#8220;\/de\/bebidas\/&#8220;][vc_button title=&#8220;Men\u00fc&#8220; color=&#8220;btn-warning&#8220; icon=&#8220;wpb_bookmark&#8220; size=&#8220;btn-large&#8220; href=&#8220;\/de\/carta\/&#8220;][vc_row_inner][vc_column_inner][vc_separator color=&#8220;white&#8220; css=&#8220;.vc_custom_1637255222832{padding-top: 20px !important;}&#8220;][\/vc_column_inner][\/vc_row_inner][\/vc_column][\/vc_row]<\/p>","protected":false},"excerpt":{"rendered":"<p>[vc_row][vc_column width=&#8220;2\/3&#8243;][vc_column_text]In der Hoffnung, dass Sie werden es genie\u00dfen wir entwickelt haben, diese spezielle Karte f\u00fcr pers\u00f6nlichen Cel\u00edacos.Nuestro wird ausgebildet [&hellip;]<\/p>\n","protected":false},"author":1,"featured_media":0,"parent":0,"menu_order":0,"comment_status":"closed","ping_status":"closed","template":"","meta":{"ngg_post_thumbnail":0,"footnotes":""},"class_list":["post-290","page","type-page","status-publish","hentry","comments-closed"],"_links":{"self":[{"href":"https:\/\/lacasadelparmigiano.es\/de\/wp-json\/wp\/v2\/pages\/290","targetHints":{"allow":["GET"]}}],"collection":[{"href":"https:\/\/lacasadelparmigiano.es\/de\/wp-json\/wp\/v2\/pages"}],"about":[{"href":"https:\/\/lacasadelparmigiano.es\/de\/wp-json\/wp\/v2\/types\/page"}],"author":[{"embeddable":true,"href":"https:\/\/lacasadelparmigiano.es\/de\/wp-json\/wp\/v2\/users\/1"}],"replies":[{"embeddable":true,"href":"https:\/\/lacasadelparmigiano.es\/de\/wp-json\/wp\/v2\/comments?post=290"}],"version-history":[{"count":67,"href":"https:\/\/lacasadelparmigiano.es\/de\/wp-json\/wp\/v2\/pages\/290\/revisions"}],"predecessor-version":[{"id":1703,"href":"https:\/\/lacasadelparmigiano.es\/de\/wp-json\/wp\/v2\/pages\/290\/revisions\/1703"}],"wp:attachment":[{"href":"https:\/\/lacasadelparmigiano.es\/de\/wp-json\/wp\/v2\/media?parent=290"}],"curies":[{"name":"wp","href":"https:\/\/api.w.org\/{rel}","templated":true}]}}